{"id":119653,"date":"2018-11-26T04:25:14","date_gmt":"2018-11-26T04:25:14","guid":{"rendered":"http:\/\/aecl2.wpengine.com\/?page_id=119653"},"modified":"2025-12-18T11:04:06","modified_gmt":"2025-12-18T16:04:06","slug":"modele-ogee","status":"publish","type":"page","link":"https:\/\/www.aecl.ca\/fr\/a-propos-deacl\/modele-ogee\/","title":{"rendered":"Mod\u00e8le OGEE"},"content":{"rendered":"<p>[et_pb_section fb_built=\u00a0\u00bb1&Prime; fullwidth=\u00a0\u00bbon\u00a0\u00bb _builder_version=\u00a0\u00bb4.16&Prime; global_colors_info=\u00a0\u00bb{}\u00a0\u00bb][et_pb_fullwidth_slider show_arrows=\u00a0\u00bboff\u00a0\u00bb show_pagination=\u00a0\u00bboff\u00a0\u00bb module_class=\u00a0\u00bbwith-blue-bar\u00a0\u00bb _builder_version=\u00a0\u00bb4.27.4&Prime; global_colors_info=\u00a0\u00bb{}\u00a0\u00bb][et_pb_slide use_bg_overlay=\u00a0\u00bboff\u00a0\u00bb use_text_overlay=\u00a0\u00bboff\u00a0\u00bb _builder_version=\u00a0\u00bb4.27.4&Prime; header_level=\u00a0\u00bbh1&Prime; header_font_size=\u00a0\u00bb48&Prime; body_font_size=\u00a0\u00bb35&Prime; body_line_height=\u00a0\u00bb1.2em\u00a0\u00bb background_image=\u00a0\u00bbhttps:\/\/www.aecl.ca\/wp-content\/uploads\/2018\/11\/banner-about-aecl.jpg\u00a0\u00bb button_on_hover=\u00a0\u00bbon\u00a0\u00bb text_orientation=\u00a0\u00bbleft\u00a0\u00bb background_layout=\u00a0\u00bblight\u00a0\u00bb header_font_size_tablet=\u00a0\u00bb48&Prime; header_font_size_phone=\u00a0\u00bb33&Prime; header_font_size_last_edited=\u00a0\u00bbon|phone\u00a0\u00bb body_font_size_tablet=\u00a0\u00bb35&Prime; body_font_size_phone=\u00a0\u00bb20&Prime; body_font_size_last_edited=\u00a0\u00bbon|phone\u00a0\u00bb body_line_height_tablet=\u00a0\u00bb1.2em\u00a0\u00bb body_line_height_phone=\u00a0\u00bb1.2em\u00a0\u00bb global_colors_info=\u00a0\u00bb{}\u00a0\u00bb sticky_transition=\u00a0\u00bbon\u00a0\u00bb][\/et_pb_slide][\/et_pb_fullwidth_slider][\/et_pb_section][et_pb_section fb_built=\u00a0\u00bb1&Prime; admin_label=\u00a0\u00bbHeader Section\u00a0\u00bb _builder_version=\u00a0\u00bb4.27.4&Prime; custom_padding=\u00a0\u00bb0px||0px||false|false\u00a0\u00bb locked=\u00a0\u00bboff\u00a0\u00bb global_colors_info=\u00a0\u00bb{}\u00a0\u00bb][et_pb_row module_class=\u00a0\u00bbet_items_align_middle\u00a0\u00bb _builder_version=\u00a0\u00bb4.27.4&Prime; custom_padding=\u00a0\u00bb30px||20px||false|false\u00a0\u00bb global_colors_info=\u00a0\u00bb{}\u00a0\u00bb][et_pb_column type=\u00a0\u00bb4_4&Prime; _builder_version=\u00a0\u00bb4.27.4&Prime; custom_padding=\u00a0\u00bb|||\u00a0\u00bb global_colors_info=\u00a0\u00bb{}\u00a0\u00bb custom_padding__hover=\u00a0\u00bb|||\u00a0\u00bb][et_pb_text admin_label=\u00a0\u00bbHeader Text\u00a0\u00bb _builder_version=\u00a0\u00bb4.27.4&Prime; text_font=\u00a0\u00bbRoboto|900|||||||\u00a0\u00bb text_text_color=\u00a0\u00bb#0078d4&Prime; text_font_size=\u00a0\u00bb20px\u00a0\u00bb text_line_height=\u00a0\u00bb2em\u00a0\u00bb header_font=\u00a0\u00bbDomine||||||||\u00a0\u00bb header_2_font=\u00a0\u00bbDomine||||||||\u00a0\u00bb header_2_text_align=\u00a0\u00bbleft\u00a0\u00bb header_2_text_color=\u00a0\u00bb#0078d5&Prime; header_2_font_size=\u00a0\u00bb24px\u00a0\u00bb header_2_line_height=\u00a0\u00bb1.5em\u00a0\u00bb header_font_size_tablet=\u00a0\u00bb36px\u00a0\u00bb header_font_size_phone=\u00a0\u00bb36px\u00a0\u00bb header_font_size_last_edited=\u00a0\u00bbon|tablet\u00a0\u00bb global_colors_info=\u00a0\u00bb{}\u00a0\u00bb]\u00c0 propos d\u2019EACL<\/p>\n<h1>Mod\u00e8le OGEE<\/h1>\n<p>[\/et_pb_text][\/et_pb_column][\/et_pb_row][\/et_pb_section][et_pb_section fb_built=\u00a0\u00bb1&Prime; module_class=\u00a0\u00bbblue-section\u00a0\u00bb _builder_version=\u00a0\u00bb4.16&Prime; background_color=\u00a0\u00bb#012d73&Prime; custom_padding=\u00a0\u00bb30px||30px||false|false\u00a0\u00bb global_colors_info=\u00a0\u00bb{}\u00a0\u00bb][et_pb_row module_class=\u00a0\u00bbet_items_align_middle\u00a0\u00bb _builder_version=\u00a0\u00bb4.16&Prime; background_size=\u00a0\u00bbinitial\u00a0\u00bb background_position=\u00a0\u00bbtop_left\u00a0\u00bb background_repeat=\u00a0\u00bbrepeat\u00a0\u00bb custom_padding=\u00a0\u00bb0px||0px|\u00a0\u00bb global_colors_info=\u00a0\u00bb{}\u00a0\u00bb][et_pb_column type=\u00a0\u00bb4_4&Prime; _builder_version=\u00a0\u00bb4.16&Prime; custom_padding=\u00a0\u00bb|||\u00a0\u00bb global_colors_info=\u00a0\u00bb{}\u00a0\u00bb custom_padding__hover=\u00a0\u00bb|||\u00a0\u00bb][et_pb_text _builder_version=\u00a0\u00bb4.27.4&Prime; text_font=\u00a0\u00bbDomine||||||||\u00a0\u00bb text_text_color=\u00a0\u00bb#ffffff\u00a0\u00bb text_font_size=\u00a0\u00bb22px\u00a0\u00bb text_line_height=\u00a0\u00bb1.5em\u00a0\u00bb header_font=\u00a0\u00bbDomine||||||||\u00a0\u00bb header_2_font=\u00a0\u00bbDomine||||||||\u00a0\u00bb header_2_text_align=\u00a0\u00bbleft\u00a0\u00bb header_2_text_color=\u00a0\u00bb#0078d5&Prime; header_2_font_size=\u00a0\u00bb24px\u00a0\u00bb header_2_line_height=\u00a0\u00bb1.5em\u00a0\u00bb global_colors_info=\u00a0\u00bb{}\u00a0\u00bb]<\/p>\n<p>Le r\u00f4le d\u2019EACL est le suivant :<\/p>\n<p>agir comme agent du gouvernement; appuyer le d\u00e9veloppement de la politique nucl\u00e9aire du gouvernement; fixer les priorit\u00e9s des LNC, superviser l\u2019ex\u00e9cution du contrat et \u00e9valuer le rendement des LNC.<\/p>\n<p>[\/et_pb_text][\/et_pb_column][\/et_pb_row][\/et_pb_section][et_pb_section fb_built=\u00a0\u00bb1&Prime; _builder_version=\u00a0\u00bb4.16&Prime; global_colors_info=\u00a0\u00bb{}\u00a0\u00bb][et_pb_row _builder_version=\u00a0\u00bb4.16&Prime; background_size=\u00a0\u00bbinitial\u00a0\u00bb background_position=\u00a0\u00bbtop_left\u00a0\u00bb background_repeat=\u00a0\u00bbrepeat\u00a0\u00bb global_colors_info=\u00a0\u00bb{}\u00a0\u00bb][et_pb_column type=\u00a0\u00bb4_4&Prime; _builder_version=\u00a0\u00bb4.16&Prime; custom_padding=\u00a0\u00bb|||\u00a0\u00bb global_colors_info=\u00a0\u00bb{}\u00a0\u00bb custom_padding__hover=\u00a0\u00bb|||\u00a0\u00bb][et_pb_text _builder_version=\u00a0\u00bb4.19.2&Prime; global_colors_info=\u00a0\u00bb{}\u00a0\u00bb]<\/p>\n<p>En tant que soci\u00e9t\u00e9 d&rsquo;\u00c9tat canadienne, \u00c9nergie atomique du Canada limit\u00e9e (EACL) re\u00e7oit des fonds du gouvernement du Canada pour permettre le d\u00e9veloppement de la science et de la technologie nucl\u00e9aires, et pour g\u00e9rer les responsabilit\u00e9s du gouvernement du Canada en mati\u00e8re de d\u00e9chets radioactifs.<\/p>\n<p>Depuis 2015, EACL ex\u00e9cute son mandat par le biais d\u2019un mod\u00e8le d&rsquo;organisme gouvernemental exploit\u00e9 par un entrepreneur, selon lequel entreprise priv\u00e9e, les Laboratoires Nucl\u00e9aires Canadiens (LNC), est responsable de la gestion et de l&rsquo;exploitation des sites d&rsquo;EACL. Dans ce mod\u00e8le, EACL (propri\u00e9taire) et les LNC (op\u00e9rateur) sont des entit\u00e9s durables, tandis que l&rsquo;entrepreneur (actuellement Nuclear Laboratory Partners of Canada Inc.) est renouvel\u00e9 ou remplac\u00e9 dans le cadre d\u2019un processus d&rsquo;approvisionnement concurrentiel.<\/p>\n<p>Dans le cadre du mod\u00e8le d\u2019organisme gouvernemental exploit\u00e9 par un entrepreneur, EACL poss\u00e8de les sites, les installations, les actifs, la propri\u00e9t\u00e9 intellectuelle et la responsabilit\u00e9 de la restauration de l&rsquo;environnement et de la gestion des d\u00e9chets radioactifs. Les LNC sont responsables de l&rsquo;exploitation quotidienne des sites, l&#8217;employeur de la main-d&rsquo;\u0153uvre et sont responsables de tous les permis et licences d\u2019exploitation.<\/p>\n<p>Ce mod\u00e8le permet \u00e0 EACL d&rsquo;utiliser l&rsquo;expertise du secteur priv\u00e9 pour obtenir les meilleurs r\u00e9sultats possibles pour le programme de d\u00e9classement et de gestion des d\u00e9chets ainsi que la transformation des Laboratoires de Chalk River en une installation nucl\u00e9aire de classe mondiale, tout en r\u00e9duisant les co\u00fbts et les risques pour les Canadiens.<\/p>\n<p>[\/et_pb_text][et_pb_image src=\u00a0\u00bbhttps:\/\/www.aecl.ca\/wp-content\/uploads\/2025\/12\/Apercu-OGEE-1.png\u00a0\u00bb alt=\u00a0\u00bbLa Commission canadienne de s\u00fbret\u00e9 nucl\u00e9aire d\u00e9livre des licences aux Laboratoires nucl\u00e9aires canadiens (exploitant). Les Laboratoires nucl\u00e9aires canadiens sont une entit\u00e9 durable et un employeur qui a le droit d&rsquo;acc\u00e9der aux biens et \u00e0 la propri\u00e9t\u00e9 intellectuelle d&rsquo;EACL pour s&rsquo;acquitter des obligations pr\u00e9vues dans les accords.  Les Laboratoires nucl\u00e9aires canadiens ont conclu un accord avec \u00c9nergie atomique du Canada limit\u00e9e, qui s&rsquo;acquitte de son mandat par le biais d&rsquo;accords contractuels avec l&rsquo;entrepreneur et CNL. EACL \u00e9tablit les priorit\u00e9s pour CNL et supervise le contrat et le rendement global. Elle est \u00e9galement propri\u00e9taire des actifs, de la propri\u00e9t\u00e9 intellectuelle et du passif. La Commission canadienne de s\u00fbret\u00e9 nucl\u00e9aire d\u00e9livre des licences aux Laboratoires nucl\u00e9aires canadiens (exploitant). Les Laboratoires nucl\u00e9aires canadiens sont une entit\u00e9 durable et un employeur qui a le droit d&rsquo;acc\u00e9der aux biens et \u00e0 la propri\u00e9t\u00e9 intellectuelle d&rsquo;EACL pour s&rsquo;acquitter des obligations pr\u00e9vues dans les accords.  Les Laboratoires nucl\u00e9aires canadiens ont conclu un accord avec \u00c9nergie atomique du Canada limit\u00e9e, qui s&rsquo;acquitte de son mandat par le biais d&rsquo;accords contractuels avec l&rsquo;entrepreneur et CNL. EACL \u00e9tablit les priorit\u00e9s pour CNL et supervise le contrat et le rendement global. Elle est \u00e9galement propri\u00e9taire des actifs, de la propri\u00e9t\u00e9 intellectuelle et du passif. EACL a un contrat avec l&rsquo;entrepreneur, qui est actuellement l&rsquo;Alliance national canadienne de l&rsquo;\u00e9nergie (ANCE). L&rsquo;ANCE est le propri\u00e9taire de CNL, elle \u00e9labore la vision de CNL. Elle surveille \u00e9galement le rendement de CNL et per\u00e7oit des honoraires en fonction des r\u00e9sultats. ANCE est \u00e9galement responsable de la nomination des cadres sup\u00e9rieurs et du conseil d&rsquo;administration de CNL.\u00a0\u00bb title_text=\u00a0\u00bbAper\u00e7u OGEE\u00a0\u00bb _builder_version=\u00a0\u00bb4.27.4&Prime; _module_preset=\u00a0\u00bbdefault\u00a0\u00bb hover_enabled=\u00a0\u00bb0&Prime; global_colors_info=\u00a0\u00bb{}\u00a0\u00bb sticky_enabled=\u00a0\u00bb0&Prime;][\/et_pb_image][et_pb_text _builder_version=\u00a0\u00bb4.27.4&Prime; _module_preset=\u00a0\u00bbdefault\u00a0\u00bb header_2_text_color=\u00a0\u00bb#0078d5&Prime; header_2_font_size=\u00a0\u00bb21px\u00a0\u00bb hover_enabled=\u00a0\u00bb0&Prime; global_colors_info=\u00a0\u00bb{}\u00a0\u00bb sticky_enabled=\u00a0\u00bb0&Prime;]<\/p>\n<h2>R\u00f4les des partenaires dans le cadre du mod\u00e8le d\u2019organisme gouvernemental exploit\u00e9 par un entrepreneur<\/h2>\n<p>Le r\u00f4le principal d&rsquo;EACL, en tant qu\u2019agent du Gouvernement, est d\u2019\u00e9tablir les priorit\u00e9s des LNC et de superviser leur performance ainsi que celle de l\u2019entrepreneur. EACL :<\/p>\n<ul>\n<li>supervise la conformit\u00e9 de l\u2019entrepreneur avec les conditions de l\u2019entente avec EACL.<\/li>\n<li>n\u00e9gocie un plan de travail annuel et ex\u00e9cute le mandat d&rsquo;EACL dans le cadre du profil de financement approuv\u00e9 par le gouvernement.<\/li>\n<li>\u00e9tablit annuellement un plan de performance qui sp\u00e9cifie comment l\u2019entrepreneur peut gagner des honoraires pour sa performance.<\/li>\n<li>mesure la performance des LNC et de l\u2019entrepreneur selon le plan de travail annuel, le plan de performance, les crit\u00e8res de performance et les autres termes et conditions des ententes avec EACL.<\/li>\n<\/ul>\n<p>Les LNC sont responsables de l&rsquo;exploitation et de la gestion quotidienne de tous les sites d&rsquo;EACL. \u00c0 cet \u00e9gard, ils sont :<\/p>\n<ul>\n<li>responsables de la planification et de l&rsquo;ex\u00e9cution des t\u00e2ches en conformit\u00e9 avec les termes des accords conclus avec EACL.<\/li>\n<li>l&#8217;employeur de la main d\u2019\u0153uvre et responsable de tous les aspects des relations de travail.<\/li>\n<li>responsables de l&rsquo;ensemble des licences, permis et autres approbations r\u00e9glementaires n\u00e9cessaires \u00e0 l&rsquo;exploitation des propri\u00e9t\u00e9s et des actifs d&rsquo;EACL, y compris leur maintien en r\u00e8gle.<\/li>\n<\/ul>\n<p>L\u2019entrepreneur, en tant que propri\u00e9taire des LNC, est responsable de:<\/p>\n<ul>\n<li>nommer l&rsquo;\u00e9quipe de gestionnaires des LNC.<\/li>\n<li>s&rsquo;assurer que les LNC s&rsquo;acquittent de leurs obligations contractuelles envers EACL en appliquant les meilleures pratiques du secteur.<\/li>\n<li>effectuer des changements transformationnels pour atteindre les objectifs d&rsquo;EACL.<\/li>\n<\/ul>\n<p>EACL surveille de pr\u00e8s les plans et les budgets des LNC, et fait de la suret\u00e9, la s\u00e9curit\u00e9 et la protection de l&rsquo;environnement une priorit\u00e9. Il existe plusieurs m\u00e9canismes pour s&rsquo;assurer que ces domaines ne soient jamais compromis. Cela comprend la possibilit\u00e9 de r\u00e9viser les plans et les budgets si des changements sont n\u00e9cessaires pour prot\u00e9ger la sant\u00e9, la s\u00fbret\u00e9 et la s\u00e9curit\u00e9 des personnes et de l&rsquo;environnement, ainsi que des dispositions contractuelles qui permettent \u00e0 EACL de r\u00e9duire les honoraires en cas d&rsquo;incidents li\u00e9s \u00e0 la s\u00fbret\u00e9 et \u00e0 la s\u00e9curit\u00e9.<\/p>\n<p>&nbsp;<\/p>\n<p>[\/et_pb_text][\/et_pb_column][\/et_pb_row][\/et_pb_section]<\/p>\n","protected":false},"excerpt":{"rendered":"<p>\u00c0 propos d\u2019EACL Mod\u00e8le OGEELe r\u00f4le d\u2019EACL est le suivant : agir comme agent du gouvernement; appuyer le d\u00e9veloppement de la politique nucl\u00e9aire du gouvernement; fixer les priorit\u00e9s des LNC, superviser l\u2019ex\u00e9cution du contrat et \u00e9valuer le rendement des LNC.En tant que soci\u00e9t\u00e9 d&rsquo;\u00c9tat canadienne, \u00c9nergie atomique du Canada limit\u00e9e (EACL) re\u00e7oit des fonds du [&hellip;]<\/p>\n","protected":false},"author":5,"featured_media":0,"parent":119741,"menu_order":0,"comment_status":"closed","ping_status":"closed","template":"","meta":{"_acf_changed":false,"_et_pb_use_builder":"on","_et_pb_old_content":"","_et_gb_content_width":"","footnotes":""},"class_list":["post-119653","page","type-page","status-publish","hentry"],"acf":[],"yoast_head":"<!-- This site is optimized with the Yoast SEO Premium plugin v27.1 (Yoast SEO v27.1.1) - https:\/\/yoast.com\/product\/yoast-seo-premium-wordpress\/ -->\n<title>Mod\u00e8le OGEE - EACL<\/title>\n<meta name=\"description\" content=\"\u00c9nergie atomique du Canada limit\u00e9e s&#039;acquitte de son mandat selon un mod\u00e8le d&#039;organisme gouvernemental exploit\u00e9 par un entrepreneur (OGEE), selon lequel un organisme du secteur priv\u00e9 g\u00e8re et exploite ses sites.\" \/>\n<meta name=\"robots\" content=\"index, follow, max-snippet:-1, max-image-preview:large, max-video-preview:-1\" \/>\n<link rel=\"canonical\" href=\"https:\/\/www.aecl.ca\/fr\/a-propos-deacl\/modele-ogee\/\" \/>\n<meta property=\"og:locale\" content=\"fr_FR\" \/>\n<meta property=\"og:type\" content=\"article\" \/>\n<meta property=\"og:title\" content=\"Mod\u00e8le OGEE\" \/>\n<meta property=\"og:description\" content=\"\u00c9nergie atomique du Canada limit\u00e9e s&#039;acquitte de son mandat selon un mod\u00e8le d&#039;organisme gouvernemental exploit\u00e9 par un entrepreneur (OGEE), selon lequel un organisme du secteur priv\u00e9 g\u00e8re et exploite ses sites.\" \/>\n<meta property=\"og:url\" content=\"https:\/\/www.aecl.ca\/fr\/a-propos-deacl\/modele-ogee\/\" \/>\n<meta property=\"og:site_name\" content=\"EACL\" \/>\n<meta property=\"article:modified_time\" content=\"2025-12-18T16:04:06+00:00\" \/>\n<meta property=\"og:image\" content=\"https:\/\/www.aecl.ca\/wp-content\/uploads\/2019\/01\/AECL-Stacked-Blue.png\" \/>\n\t<meta property=\"og:image:width\" content=\"1600\" \/>\n\t<meta property=\"og:image:height\" content=\"560\" \/>\n\t<meta property=\"og:image:type\" content=\"image\/png\" \/>\n<meta name=\"twitter:card\" content=\"summary_large_image\" \/>\n<meta name=\"twitter:site\" content=\"@AECL_EACL\" \/>\n<meta name=\"twitter:label1\" content=\"Dur\u00e9e de lecture estim\u00e9e\" \/>\n\t<meta name=\"twitter:data1\" content=\"3 minutes\" \/>\n<script type=\"application\/ld+json\" class=\"yoast-schema-graph\">{\"@context\":\"https:\/\/schema.org\",\"@graph\":[{\"@type\":\"WebPage\",\"@id\":\"https:\/\/www.aecl.ca\/fr\/a-propos-deacl\/modele-ogee\/\",\"url\":\"https:\/\/www.aecl.ca\/fr\/a-propos-deacl\/modele-ogee\/\",\"name\":\"Mod\u00e8le OGEE - EACL\",\"isPartOf\":{\"@id\":\"https:\/\/www.aecl.ca\/fr\/#website\"},\"datePublished\":\"2018-11-26T04:25:14+00:00\",\"dateModified\":\"2025-12-18T16:04:06+00:00\",\"description\":\"\u00c9nergie atomique du Canada limit\u00e9e s'acquitte de son mandat selon un mod\u00e8le d'organisme gouvernemental exploit\u00e9 par un entrepreneur (OGEE), selon lequel un organisme du secteur priv\u00e9 g\u00e8re et exploite ses sites.\",\"breadcrumb\":{\"@id\":\"https:\/\/www.aecl.ca\/fr\/a-propos-deacl\/modele-ogee\/#breadcrumb\"},\"inLanguage\":\"fr-FR\",\"potentialAction\":[{\"@type\":\"ReadAction\",\"target\":[\"https:\/\/www.aecl.ca\/fr\/a-propos-deacl\/modele-ogee\/\"]}]},{\"@type\":\"BreadcrumbList\",\"@id\":\"https:\/\/www.aecl.ca\/fr\/a-propos-deacl\/modele-ogee\/#breadcrumb\",\"itemListElement\":[{\"@type\":\"ListItem\",\"position\":1,\"name\":\"Home\",\"item\":\"https:\/\/www.aecl.ca\/fr\/\"},{\"@type\":\"ListItem\",\"position\":2,\"name\":\"\u00c0 propos d\u2019EACL\",\"item\":\"https:\/\/www.aecl.ca\/fr\/a-propos-deacl\/\"},{\"@type\":\"ListItem\",\"position\":3,\"name\":\"Mod\u00e8le OGEE\"}]},{\"@type\":\"WebSite\",\"@id\":\"https:\/\/www.aecl.ca\/fr\/#website\",\"url\":\"https:\/\/www.aecl.ca\/fr\/\",\"name\":\"EACL\",\"description\":\"\u00c9nergie atomique du Canada limit\u00e9e\",\"publisher\":{\"@id\":\"https:\/\/www.aecl.ca\/fr\/#organization\"},\"potentialAction\":[{\"@type\":\"SearchAction\",\"target\":{\"@type\":\"EntryPoint\",\"urlTemplate\":\"https:\/\/www.aecl.ca\/fr\/?s={search_term_string}\"},\"query-input\":{\"@type\":\"PropertyValueSpecification\",\"valueRequired\":true,\"valueName\":\"search_term_string\"}}],\"inLanguage\":\"fr-FR\"},{\"@type\":\"Organization\",\"@id\":\"https:\/\/www.aecl.ca\/fr\/#organization\",\"name\":\"Atomic Energy Canada Limited AECL\",\"url\":\"https:\/\/www.aecl.ca\/fr\/\",\"logo\":{\"@type\":\"ImageObject\",\"inLanguage\":\"fr-FR\",\"@id\":\"https:\/\/www.aecl.ca\/fr\/#\/schema\/logo\/image\/\",\"url\":\"https:\/\/www.aecl.ca\/wp-content\/uploads\/2019\/01\/AECL-Stacked-Blue.png\",\"contentUrl\":\"https:\/\/www.aecl.ca\/wp-content\/uploads\/2019\/01\/AECL-Stacked-Blue.png\",\"width\":1600,\"height\":560,\"caption\":\"Atomic Energy Canada Limited AECL\"},\"image\":{\"@id\":\"https:\/\/www.aecl.ca\/fr\/#\/schema\/logo\/image\/\"},\"sameAs\":[\"https:\/\/x.com\/AECL_EACL\",\"https:\/\/www.linkedin.com\/company\/aecl\"]}]}<\/script>\n<!-- \/ Yoast SEO Premium plugin. -->","yoast_head_json":{"title":"Mod\u00e8le OGEE - EACL","description":"\u00c9nergie atomique du Canada limit\u00e9e s'acquitte de son mandat selon un mod\u00e8le d'organisme gouvernemental exploit\u00e9 par un entrepreneur (OGEE), selon lequel un organisme du secteur priv\u00e9 g\u00e8re et exploite ses sites.","robots":{"index":"index","follow":"follow","max-snippet":"max-snippet:-1","max-image-preview":"max-image-preview:large","max-video-preview":"max-video-preview:-1"},"canonical":"https:\/\/www.aecl.ca\/fr\/a-propos-deacl\/modele-ogee\/","og_locale":"fr_FR","og_type":"article","og_title":"Mod\u00e8le OGEE","og_description":"\u00c9nergie atomique du Canada limit\u00e9e s'acquitte de son mandat selon un mod\u00e8le d'organisme gouvernemental exploit\u00e9 par un entrepreneur (OGEE), selon lequel un organisme du secteur priv\u00e9 g\u00e8re et exploite ses sites.","og_url":"https:\/\/www.aecl.ca\/fr\/a-propos-deacl\/modele-ogee\/","og_site_name":"EACL","article_modified_time":"2025-12-18T16:04:06+00:00","og_image":[{"width":1600,"height":560,"url":"https:\/\/www.aecl.ca\/wp-content\/uploads\/2019\/01\/AECL-Stacked-Blue.png","type":"image\/png"}],"twitter_card":"summary_large_image","twitter_site":"@AECL_EACL","twitter_misc":{"Dur\u00e9e de lecture estim\u00e9e":"3 minutes"},"schema":{"@context":"https:\/\/schema.org","@graph":[{"@type":"WebPage","@id":"https:\/\/www.aecl.ca\/fr\/a-propos-deacl\/modele-ogee\/","url":"https:\/\/www.aecl.ca\/fr\/a-propos-deacl\/modele-ogee\/","name":"Mod\u00e8le OGEE - EACL","isPartOf":{"@id":"https:\/\/www.aecl.ca\/fr\/#website"},"datePublished":"2018-11-26T04:25:14+00:00","dateModified":"2025-12-18T16:04:06+00:00","description":"\u00c9nergie atomique du Canada limit\u00e9e s'acquitte de son mandat selon un mod\u00e8le d'organisme gouvernemental exploit\u00e9 par un entrepreneur (OGEE), selon lequel un organisme du secteur priv\u00e9 g\u00e8re et exploite ses sites.","breadcrumb":{"@id":"https:\/\/www.aecl.ca\/fr\/a-propos-deacl\/modele-ogee\/#breadcrumb"},"inLanguage":"fr-FR","potentialAction":[{"@type":"ReadAction","target":["https:\/\/www.aecl.ca\/fr\/a-propos-deacl\/modele-ogee\/"]}]},{"@type":"BreadcrumbList","@id":"https:\/\/www.aecl.ca\/fr\/a-propos-deacl\/modele-ogee\/#breadcrumb","itemListElement":[{"@type":"ListItem","position":1,"name":"Home","item":"https:\/\/www.aecl.ca\/fr\/"},{"@type":"ListItem","position":2,"name":"\u00c0 propos d\u2019EACL","item":"https:\/\/www.aecl.ca\/fr\/a-propos-deacl\/"},{"@type":"ListItem","position":3,"name":"Mod\u00e8le OGEE"}]},{"@type":"WebSite","@id":"https:\/\/www.aecl.ca\/fr\/#website","url":"https:\/\/www.aecl.ca\/fr\/","name":"EACL","description":"\u00c9nergie atomique du Canada limit\u00e9e","publisher":{"@id":"https:\/\/www.aecl.ca\/fr\/#organization"},"potentialAction":[{"@type":"SearchAction","target":{"@type":"EntryPoint","urlTemplate":"https:\/\/www.aecl.ca\/fr\/?s={search_term_string}"},"query-input":{"@type":"PropertyValueSpecification","valueRequired":true,"valueName":"search_term_string"}}],"inLanguage":"fr-FR"},{"@type":"Organization","@id":"https:\/\/www.aecl.ca\/fr\/#organization","name":"Atomic Energy Canada Limited AECL","url":"https:\/\/www.aecl.ca\/fr\/","logo":{"@type":"ImageObject","inLanguage":"fr-FR","@id":"https:\/\/www.aecl.ca\/fr\/#\/schema\/logo\/image\/","url":"https:\/\/www.aecl.ca\/wp-content\/uploads\/2019\/01\/AECL-Stacked-Blue.png","contentUrl":"https:\/\/www.aecl.ca\/wp-content\/uploads\/2019\/01\/AECL-Stacked-Blue.png","width":1600,"height":560,"caption":"Atomic Energy Canada Limited AECL"},"image":{"@id":"https:\/\/www.aecl.ca\/fr\/#\/schema\/logo\/image\/"},"sameAs":["https:\/\/x.com\/AECL_EACL","https:\/\/www.linkedin.com\/company\/aecl"]}]}},"_links":{"self":[{"href":"https:\/\/www.aecl.ca\/fr\/wp-json\/wp\/v2\/pages\/119653","targetHints":{"allow":["GET"]}}],"collection":[{"href":"https:\/\/www.aecl.ca\/fr\/wp-json\/wp\/v2\/pages"}],"about":[{"href":"https:\/\/www.aecl.ca\/fr\/wp-json\/wp\/v2\/types\/page"}],"author":[{"embeddable":true,"href":"https:\/\/www.aecl.ca\/fr\/wp-json\/wp\/v2\/users\/5"}],"replies":[{"embeddable":true,"href":"https:\/\/www.aecl.ca\/fr\/wp-json\/wp\/v2\/comments?post=119653"}],"version-history":[{"count":0,"href":"https:\/\/www.aecl.ca\/fr\/wp-json\/wp\/v2\/pages\/119653\/revisions"}],"up":[{"embeddable":true,"href":"https:\/\/www.aecl.ca\/fr\/wp-json\/wp\/v2\/pages\/119741"}],"wp:attachment":[{"href":"https:\/\/www.aecl.ca\/fr\/wp-json\/wp\/v2\/media?parent=119653"}],"curies":[{"name":"wp","href":"https:\/\/api.w.org\/{rel}","templated":true}]}}