{"id":119657,"date":"2018-12-11T14:54:18","date_gmt":"2018-12-11T14:54:18","guid":{"rendered":"http:\/\/aecl2.wpengine.com\/?page_id=119657"},"modified":"2024-07-12T11:55:25","modified_gmt":"2024-07-12T15:55:25","slug":"loi-sur-l-acces-a-l-information-et-sur-la-protection-des-renseignements-personnels","status":"publish","type":"page","link":"https:\/\/www.aecl.ca\/fr\/loi-sur-l-acces-a-l-information-et-sur-la-protection-des-renseignements-personnels\/","title":{"rendered":"Loi sur l\u2019acc\u00e8s \u00e0 l\u2019information et sur la protection des renseignements personnels"},"content":{"rendered":"<p>[et_pb_section fb_built=\u00a0\u00bb1&Prime; fullwidth=\u00a0\u00bbon\u00a0\u00bb _builder_version=\u00a0\u00bb4.16&Prime; custom_margin=\u00a0\u00bb0px||0px|\u00a0\u00bb global_colors_info=\u00a0\u00bb{}\u00a0\u00bb][et_pb_fullwidth_header title=\u00a0\u00bbLoi sur l\u2019acc\u00e8s \u00e0 l\u2019information et sur la protection des renseignements personnels \u00a0\u00bb _builder_version=\u00a0\u00bb4.16&Prime; background_image=\u00a0\u00bbhttps:\/\/www.aecl.ca\/wp-content\/uploads\/2018\/12\/bg-banner-btm.jpg\u00a0\u00bb background_position=\u00a0\u00bbbottom_left\u00a0\u00bb global_colors_info=\u00a0\u00bb{}\u00a0\u00bb]<br \/>\n[\/et_pb_fullwidth_header][\/et_pb_section][et_pb_section fb_built=\u00a0\u00bb1&Prime; module_id=\u00a0\u00bbskip-to-sidebar\u00a0\u00bb _builder_version=\u00a0\u00bb4.16&Prime; global_colors_info=\u00a0\u00bb{}\u00a0\u00bb][et_pb_row column_structure=\u00a0\u00bb2_3,1_3&Prime; _builder_version=\u00a0\u00bb4.16&Prime; background_size=\u00a0\u00bbinitial\u00a0\u00bb background_position=\u00a0\u00bbtop_left\u00a0\u00bb background_repeat=\u00a0\u00bbrepeat\u00a0\u00bb global_colors_info=\u00a0\u00bb{}\u00a0\u00bb][et_pb_column type=\u00a0\u00bb2_3&Prime; _builder_version=\u00a0\u00bb4.16&Prime; custom_padding=\u00a0\u00bb|||\u00a0\u00bb global_colors_info=\u00a0\u00bb{}\u00a0\u00bb custom_padding__hover=\u00a0\u00bb|||\u00a0\u00bb][et_pb_text _builder_version=\u00a0\u00bb4.25.1&Prime; header_2_text_color=\u00a0\u00bb#0078d5&Prime; header_2_font_size=\u00a0\u00bb24px\u00a0\u00bb hover_enabled=\u00a0\u00bb0&Prime; global_colors_info=\u00a0\u00bb{}\u00a0\u00bb sticky_enabled=\u00a0\u00bb0&Prime;]<\/p>\n<p>envoyeLa <a class=\"trackExternal\" href=\"http:\/\/laws-lois.justice.gc.ca\/fra\/lois\/P-21\/\" target=\"_new\" rel=\"noopener noreferrer\"><em>Loi sur l&rsquo;acc\u00e8s \u00e0 l&rsquo;information<\/em><\/a> donne aux citoyens canadiens, aux r\u00e9sidents permanents, aux personnes et aux soci\u00e9t\u00e9s install\u00e9es au Canada le droit d&rsquo;acc\u00e8s \u00e0 l&rsquo;information des dossiers d&rsquo;\u00c9nergie atomique du Canada limit\u00e9e, qui ont trait :<\/p>\n<ol>\n<li>\u00e0 son administration; et<\/li>\n<li>\u00e0 l&rsquo;exploitation de toute installation nucl\u00e9aire, au sens de l&rsquo;article 2 de la <a class=\"trackExternal\" href=\"https:\/\/laws-lois.justice.gc.ca\/fra\/lois\/n-28.3\/\" target=\"_blank\" rel=\"noopener noreferrer\"><em>Loi sur la s\u00fbret\u00e9 et la r\u00e9glementation nucl\u00e9aires<\/em><\/a>, qui est assujettie \u00e0 la r\u00e9glementation de la <a href=\"http:\/\/nuclearsafety.gc.ca\/fra\/\" target=\"_blank\" rel=\"noopener noreferrer\">Commission canadienne de s\u00fbret\u00e9 nucl\u00e9aire<\/a>, constitu\u00e9e par l&rsquo;article 8 de cette loi.<\/li>\n<\/ol>\n<p>La <em><a class=\"trackExternal\" href=\"https:\/\/laws-lois.justice.gc.ca\/fra\/lois\/P-21\/index.html\" target=\"_blank\" rel=\"noopener noreferrer\">Loi sur la protection des renseignements personnels<\/a> <\/em>conf\u00e8re aux personnes le droit d&rsquo;avoir acc\u00e8s aux renseignements personnels les concernant qui sont d\u00e9tenus par EACL. Cette Loi impose aussi des obligations \u00e0 EACL en mati\u00e8re de respect du droit \u00e0 la vie priv\u00e9e en limitant la collecte, l&rsquo;utilisation et la communication de des renseignements personnels.<\/p>\n<p>&nbsp;<\/p>\n<h2>Le bureau de l&rsquo;acc\u00e8s \u00e0 l&rsquo;information et de la protection des renseignements personnels (AIPRP)<\/h2>\n<p>Le bureau d&rsquo;AIPRP est charg\u00e9 d&rsquo;administrer la <a class=\"trackExternal\" href=\"http:\/\/laws-lois.justice.gc.ca\/fra\/lois\/P-21\/\" target=\"_new\" rel=\"noopener noreferrer\"><em>Loi sur l&rsquo;acc\u00e8s \u00e0 l&rsquo;information<\/em><\/a> (LAI) et la <a class=\"trackExternal\" href=\"https:\/\/laws-lois.justice.gc.ca\/fra\/lois\/P-21\/index.html\" target=\"_blank\" rel=\"noopener noreferrer\"><em>Loi sur la protection des renseignements personnels<\/em><\/a> (LPRP) au sein d&rsquo;EACL. Il assure \u00e9galement la conformit\u00e9 avec les obligations de la LAI, la LPRP, les r\u00e8glements et directives connexes.<\/p>\n<p>&nbsp;<\/p>\n<h2>Comment pr\u00e9senter une demande d&rsquo;acc\u00e8s \u00e0 l&rsquo;information ou \u00e0 des renseignements personnels<\/h2>\n<p>Pour faire une demande, remplissez le <a class=\"trackExternal\" href=\"http:\/\/www.tbs-sct.gc.ca\/tbsf-fsct\/350-57-fra.asp\" target=\"_new\" rel=\"noopener noreferrer\">Formulaire de demande d&rsquo;acc\u00e8s \u00e0 l&rsquo;information<\/a> ou le <a class=\"trackExternal\" href=\"http:\/\/www.tbs-sct.gc.ca\/tbsf-fsct\/350-58-fra.asp\" target=\"_new\" rel=\"noopener noreferrer\">Formulaire de demande d&rsquo;acc\u00e8s \u00e0 des renseignements personnels<\/a>, ou encore r\u00e9digez une lettre ou un courriel mentionnant que la demande est pr\u00e9sent\u00e9e conform\u00e9ment \u00e0 la <em><a class=\"trackExternal\" href=\"http:\/\/laws-lois.justice.gc.ca\/fra\/lois\/P-21\/\" target=\"_new\" rel=\"noopener noreferrer\">Loi sur l&rsquo;acc\u00e8s \u00e0 l&rsquo;information<\/a>\u00a0<\/em>ou \u00e0 la <em><a class=\"trackExternal\" href=\"https:\/\/laws-lois.justice.gc.ca\/fra\/lois\/P-21\/index.html\" target=\"_blank\" rel=\"noopener noreferrer\">Loi sur la protection des renseignements personnels<\/a><\/em> et d\u00e9crivant l&rsquo;information que vous d\u00e9sirez obtenir. Assurez-vous d&rsquo;indiquer les d\u00e9tails pertinents pour permettre au Bureau de l&rsquo;acc\u00e8s \u00e0 l&rsquo;information et de la protection des renseignements personnels (AIPRP) de trouver l&rsquo;information en question. Vous pouvez envoyez un courriel ou poster votre demande \u00e0 :<\/p>\n<p>Isabelle Gaudreault, Directrice d\u2019AIPRP<\/p>\n<p>\u00c9nergie Atomique du Canada Limit\u00e9e<br \/>1500 &#8211; 270, rue Albert<br \/>Ottawa (Ontario) K1P 5G8<\/p>\n<p><a href=\"tel:1-888-220-2465\">1-888-220-2465<\/a> ou <a href=\"tel:343-303-0967\">343-303-0967<\/a><\/p>\n<p><a href=\"mailto:igaudreault@aecl.ca\">igaudreault@aecl.ca<\/a><\/p>\n<p>Veuillez noter que pendant la p\u00e9riode de la COVID-19, nous renon\u00e7ons aux frais de demande de $5 qui sont normalement exig\u00e9s en vertu de la <em><a class=\"trackExternal\" href=\"http:\/\/laws-lois.justice.gc.ca\/fra\/lois\/P-21\/\" target=\"_new\" rel=\"noopener noreferrer\">Loi sur l&rsquo;acc\u00e8s \u00e0 l&rsquo;information<\/a><\/em>.<\/p>\n<p>&nbsp;<\/p>\n<h2>Principes sur l&rsquo;assistance aux auteurs de demandes<\/h2>\n<p>Pour traiter votre demande en vertu de la <em><a class=\"trackExternal\" href=\"http:\/\/laws-lois.justice.gc.ca\/fra\/lois\/P-21\/\" target=\"_new\" rel=\"noopener noreferrer\">Loi sur l&rsquo;acc\u00e8s \u00e0 l&rsquo;information<\/a><\/em>, nous devons :<\/p>\n<ol>\n<li>Traiter votre demande sans tenir compte de votre identit\u00e9.<\/li>\n<li>Offrir une aide raisonnable tout au long du processus de traitement de votre demande.<\/li>\n<li>Fournir des renseignements au sujet de la <em><a class=\"trackExternal\" href=\"http:\/\/laws-lois.justice.gc.ca\/fra\/lois\/P-21\/\" target=\"_new\" rel=\"noopener noreferrer\">Loi sur l&rsquo;acc\u00e8s \u00e0 l&rsquo;information<\/a><\/em>, notamment en ce qui concerne le traitement de votre demande et votre droit de porter plainte aupr\u00e8s du Commissaire \u00e0 l&rsquo;information du Canada.<\/li>\n<li>Communiquer avec vous dans les d\u00e9lais raisonnables si des pr\u00e9cisions sur votre demande sont requises.<\/li>\n<li>Mettre tous les efforts raisonnables pour trouver et recueillir les documents demand\u00e9s qui sont sous le contr\u00f4le d&rsquo;EACL.<\/li>\n<li>Appliquer les exceptions aux documents demand\u00e9s de fa\u00e7on pr\u00e9cise et limit\u00e9e.<\/li>\n<li>Fournir des r\u00e9ponses exactes et compl\u00e8tes.<\/li>\n<li>Communiquer en temps opportun l&rsquo;information demand\u00e9e.<\/li>\n<li>Fournir, s&rsquo;il y a lieu, les documents dans le format et la langue officielle demand\u00e9s.<\/li>\n<li>Fixer un endroit appropri\u00e9 \u00e0 EACL pour examiner l&rsquo;information demand\u00e9e.<\/li>\n<\/ol>\n<h2>Ressources externes :<\/h2>\n<ul>\n<li><a href=\"http:\/\/www.tbs-sct.gc.ca\/atip-aiprp\/index-fra.asp\" target=\"_blank\" rel=\"noopener noreferrer\">Secr\u00e9tariat du Conseil du tr\u00e9sor, division des politiques de l&rsquo;information et de la protection des renseignements personnels<\/a><\/li>\n<li><a href=\"http:\/\/www.oic-ci.gc.ca\/fra\/lc-cj-logde-complaint-deposer-plainte.aspx\" target=\"_blank\" rel=\"noopener noreferrer\">Commissariat \u00e0 l&rsquo;information du Canada<\/a><\/li>\n<li><a href=\"https:\/\/www.priv.gc.ca\/index_f.asp\" target=\"_blank\" rel=\"noopener noreferrer\">Commissariat \u00e0 la protection de la vie priv\u00e9e du Canada<\/a><\/li>\n<li><a href=\"http:\/\/ouvert.canada.ca\/fr\/acces-linformation\" target=\"_blank\" rel=\"noopener noreferrer\">Portail Gouvernement ouvert \u2013 Recherche de sommaires de demandes d&rsquo;acc\u00e8s \u00e0 l&rsquo;information<\/a><\/li>\n<\/ul>\n<p>[\/et_pb_text][\/et_pb_column][et_pb_column type=\u00a0\u00bb1_3&Prime; _builder_version=\u00a0\u00bb4.16&Prime; custom_padding=\u00a0\u00bb|||\u00a0\u00bb global_colors_info=\u00a0\u00bb{}\u00a0\u00bb custom_padding__hover=\u00a0\u00bb|||\u00a0\u00bb][et_pb_sidebar area=\u00a0\u00bbet_pb_widget_area_1&Prime; module_id=\u00a0\u00bbsidebar-menu\u00a0\u00bb _builder_version=\u00a0\u00bb4.16&Prime; global_colors_info=\u00a0\u00bb{}\u00a0\u00bb]<br \/>\n[\/et_pb_sidebar][\/et_pb_column][\/et_pb_row][\/et_pb_section]<\/p>\n","protected":false},"excerpt":{"rendered":"<p>envoyeLa Loi sur l&rsquo;acc\u00e8s \u00e0 l&rsquo;information donne aux citoyens canadiens, aux r\u00e9sidents permanents, aux personnes et aux soci\u00e9t\u00e9s install\u00e9es au Canada le droit d&rsquo;acc\u00e8s \u00e0 l&rsquo;information des dossiers d&rsquo;\u00c9nergie atomique du Canada limit\u00e9e, qui ont trait : \u00e0 son administration; et \u00e0 l&rsquo;exploitation de toute installation nucl\u00e9aire, au sens de l&rsquo;article 2 de la Loi [&hellip;]<\/p>\n","protected":false},"author":5,"featured_media":0,"parent":0,"menu_order":0,"comment_status":"closed","ping_status":"closed","template":"","meta":{"_acf_changed":false,"_et_pb_use_builder":"on","_et_pb_old_content":"","_et_gb_content_width":"","footnotes":""},"class_list":["post-119657","page","type-page","status-publish","hentry"],"acf":[],"yoast_head":"<!-- This site is optimized with the Yoast SEO Premium plugin v27.1 (Yoast SEO v27.1.1) - https:\/\/yoast.com\/product\/yoast-seo-premium-wordpress\/ -->\n<title>Loi sur l\u2019acc\u00e8s \u00e0 l\u2019information et sur la protection des renseignements personnels - EACL<\/title>\n<meta name=\"robots\" content=\"index, follow, max-snippet:-1, max-image-preview:large, max-video-preview:-1\" \/>\n<link rel=\"canonical\" href=\"https:\/\/www.aecl.ca\/fr\/loi-sur-l-acces-a-l-information-et-sur-la-protection-des-renseignements-personnels\/\" \/>\n<meta property=\"og:locale\" content=\"fr_FR\" \/>\n<meta property=\"og:type\" content=\"article\" \/>\n<meta property=\"og:title\" content=\"Loi sur l\u2019acc\u00e8s \u00e0 l\u2019information et sur la protection des renseignements personnels\" \/>\n<meta property=\"og:url\" content=\"https:\/\/www.aecl.ca\/fr\/loi-sur-l-acces-a-l-information-et-sur-la-protection-des-renseignements-personnels\/\" \/>\n<meta property=\"og:site_name\" content=\"EACL\" \/>\n<meta property=\"article:modified_time\" content=\"2024-07-12T15:55:25+00:00\" \/>\n<meta property=\"og:image\" content=\"https:\/\/www.aecl.ca\/wp-content\/uploads\/2019\/01\/AECL-Stacked-Blue.png\" \/>\n\t<meta property=\"og:image:width\" content=\"1600\" \/>\n\t<meta property=\"og:image:height\" content=\"560\" \/>\n\t<meta property=\"og:image:type\" content=\"image\/png\" \/>\n<meta name=\"twitter:card\" content=\"summary_large_image\" \/>\n<meta name=\"twitter:site\" content=\"@AECL_EACL\" \/>\n<meta name=\"twitter:label1\" content=\"Dur\u00e9e de lecture estim\u00e9e\" \/>\n\t<meta name=\"twitter:data1\" content=\"4 minutes\" \/>\n<script type=\"application\/ld+json\" class=\"yoast-schema-graph\">{\"@context\":\"https:\/\/schema.org\",\"@graph\":[{\"@type\":\"WebPage\",\"@id\":\"https:\/\/www.aecl.ca\/fr\/loi-sur-l-acces-a-l-information-et-sur-la-protection-des-renseignements-personnels\/\",\"url\":\"https:\/\/www.aecl.ca\/fr\/loi-sur-l-acces-a-l-information-et-sur-la-protection-des-renseignements-personnels\/\",\"name\":\"Loi sur l\u2019acc\u00e8s \u00e0 l\u2019information et sur la protection des renseignements personnels - EACL\",\"isPartOf\":{\"@id\":\"https:\/\/www.aecl.ca\/fr\/#website\"},\"datePublished\":\"2018-12-11T14:54:18+00:00\",\"dateModified\":\"2024-07-12T15:55:25+00:00\",\"breadcrumb\":{\"@id\":\"https:\/\/www.aecl.ca\/fr\/loi-sur-l-acces-a-l-information-et-sur-la-protection-des-renseignements-personnels\/#breadcrumb\"},\"inLanguage\":\"fr-FR\",\"potentialAction\":[{\"@type\":\"ReadAction\",\"target\":[\"https:\/\/www.aecl.ca\/fr\/loi-sur-l-acces-a-l-information-et-sur-la-protection-des-renseignements-personnels\/\"]}]},{\"@type\":\"BreadcrumbList\",\"@id\":\"https:\/\/www.aecl.ca\/fr\/loi-sur-l-acces-a-l-information-et-sur-la-protection-des-renseignements-personnels\/#breadcrumb\",\"itemListElement\":[{\"@type\":\"ListItem\",\"position\":1,\"name\":\"Home\",\"item\":\"https:\/\/www.aecl.ca\/fr\/\"},{\"@type\":\"ListItem\",\"position\":2,\"name\":\"Loi sur l\u2019acc\u00e8s \u00e0 l\u2019information et sur la protection des renseignements personnels\"}]},{\"@type\":\"WebSite\",\"@id\":\"https:\/\/www.aecl.ca\/fr\/#website\",\"url\":\"https:\/\/www.aecl.ca\/fr\/\",\"name\":\"EACL\",\"description\":\"\u00c9nergie atomique du Canada limit\u00e9e\",\"publisher\":{\"@id\":\"https:\/\/www.aecl.ca\/fr\/#organization\"},\"potentialAction\":[{\"@type\":\"SearchAction\",\"target\":{\"@type\":\"EntryPoint\",\"urlTemplate\":\"https:\/\/www.aecl.ca\/fr\/?s={search_term_string}\"},\"query-input\":{\"@type\":\"PropertyValueSpecification\",\"valueRequired\":true,\"valueName\":\"search_term_string\"}}],\"inLanguage\":\"fr-FR\"},{\"@type\":\"Organization\",\"@id\":\"https:\/\/www.aecl.ca\/fr\/#organization\",\"name\":\"Atomic Energy Canada Limited AECL\",\"url\":\"https:\/\/www.aecl.ca\/fr\/\",\"logo\":{\"@type\":\"ImageObject\",\"inLanguage\":\"fr-FR\",\"@id\":\"https:\/\/www.aecl.ca\/fr\/#\/schema\/logo\/image\/\",\"url\":\"https:\/\/www.aecl.ca\/wp-content\/uploads\/2019\/01\/AECL-Stacked-Blue.png\",\"contentUrl\":\"https:\/\/www.aecl.ca\/wp-content\/uploads\/2019\/01\/AECL-Stacked-Blue.png\",\"width\":1600,\"height\":560,\"caption\":\"Atomic Energy Canada Limited AECL\"},\"image\":{\"@id\":\"https:\/\/www.aecl.ca\/fr\/#\/schema\/logo\/image\/\"},\"sameAs\":[\"https:\/\/x.com\/AECL_EACL\",\"https:\/\/www.linkedin.com\/company\/aecl\"]}]}<\/script>\n<!-- \/ Yoast SEO Premium plugin. -->","yoast_head_json":{"title":"Loi sur l\u2019acc\u00e8s \u00e0 l\u2019information et sur la protection des renseignements personnels - EACL","robots":{"index":"index","follow":"follow","max-snippet":"max-snippet:-1","max-image-preview":"max-image-preview:large","max-video-preview":"max-video-preview:-1"},"canonical":"https:\/\/www.aecl.ca\/fr\/loi-sur-l-acces-a-l-information-et-sur-la-protection-des-renseignements-personnels\/","og_locale":"fr_FR","og_type":"article","og_title":"Loi sur l\u2019acc\u00e8s \u00e0 l\u2019information et sur la protection des renseignements personnels","og_url":"https:\/\/www.aecl.ca\/fr\/loi-sur-l-acces-a-l-information-et-sur-la-protection-des-renseignements-personnels\/","og_site_name":"EACL","article_modified_time":"2024-07-12T15:55:25+00:00","og_image":[{"width":1600,"height":560,"url":"https:\/\/www.aecl.ca\/wp-content\/uploads\/2019\/01\/AECL-Stacked-Blue.png","type":"image\/png"}],"twitter_card":"summary_large_image","twitter_site":"@AECL_EACL","twitter_misc":{"Dur\u00e9e de lecture estim\u00e9e":"4 minutes"},"schema":{"@context":"https:\/\/schema.org","@graph":[{"@type":"WebPage","@id":"https:\/\/www.aecl.ca\/fr\/loi-sur-l-acces-a-l-information-et-sur-la-protection-des-renseignements-personnels\/","url":"https:\/\/www.aecl.ca\/fr\/loi-sur-l-acces-a-l-information-et-sur-la-protection-des-renseignements-personnels\/","name":"Loi sur l\u2019acc\u00e8s \u00e0 l\u2019information et sur la protection des renseignements personnels - EACL","isPartOf":{"@id":"https:\/\/www.aecl.ca\/fr\/#website"},"datePublished":"2018-12-11T14:54:18+00:00","dateModified":"2024-07-12T15:55:25+00:00","breadcrumb":{"@id":"https:\/\/www.aecl.ca\/fr\/loi-sur-l-acces-a-l-information-et-sur-la-protection-des-renseignements-personnels\/#breadcrumb"},"inLanguage":"fr-FR","potentialAction":[{"@type":"ReadAction","target":["https:\/\/www.aecl.ca\/fr\/loi-sur-l-acces-a-l-information-et-sur-la-protection-des-renseignements-personnels\/"]}]},{"@type":"BreadcrumbList","@id":"https:\/\/www.aecl.ca\/fr\/loi-sur-l-acces-a-l-information-et-sur-la-protection-des-renseignements-personnels\/#breadcrumb","itemListElement":[{"@type":"ListItem","position":1,"name":"Home","item":"https:\/\/www.aecl.ca\/fr\/"},{"@type":"ListItem","position":2,"name":"Loi sur l\u2019acc\u00e8s \u00e0 l\u2019information et sur la protection des renseignements personnels"}]},{"@type":"WebSite","@id":"https:\/\/www.aecl.ca\/fr\/#website","url":"https:\/\/www.aecl.ca\/fr\/","name":"EACL","description":"\u00c9nergie atomique du Canada limit\u00e9e","publisher":{"@id":"https:\/\/www.aecl.ca\/fr\/#organization"},"potentialAction":[{"@type":"SearchAction","target":{"@type":"EntryPoint","urlTemplate":"https:\/\/www.aecl.ca\/fr\/?s={search_term_string}"},"query-input":{"@type":"PropertyValueSpecification","valueRequired":true,"valueName":"search_term_string"}}],"inLanguage":"fr-FR"},{"@type":"Organization","@id":"https:\/\/www.aecl.ca\/fr\/#organization","name":"Atomic Energy Canada Limited AECL","url":"https:\/\/www.aecl.ca\/fr\/","logo":{"@type":"ImageObject","inLanguage":"fr-FR","@id":"https:\/\/www.aecl.ca\/fr\/#\/schema\/logo\/image\/","url":"https:\/\/www.aecl.ca\/wp-content\/uploads\/2019\/01\/AECL-Stacked-Blue.png","contentUrl":"https:\/\/www.aecl.ca\/wp-content\/uploads\/2019\/01\/AECL-Stacked-Blue.png","width":1600,"height":560,"caption":"Atomic Energy Canada Limited AECL"},"image":{"@id":"https:\/\/www.aecl.ca\/fr\/#\/schema\/logo\/image\/"},"sameAs":["https:\/\/x.com\/AECL_EACL","https:\/\/www.linkedin.com\/company\/aecl"]}]}},"_links":{"self":[{"href":"https:\/\/www.aecl.ca\/fr\/wp-json\/wp\/v2\/pages\/119657","targetHints":{"allow":["GET"]}}],"collection":[{"href":"https:\/\/www.aecl.ca\/fr\/wp-json\/wp\/v2\/pages"}],"about":[{"href":"https:\/\/www.aecl.ca\/fr\/wp-json\/wp\/v2\/types\/page"}],"author":[{"embeddable":true,"href":"https:\/\/www.aecl.ca\/fr\/wp-json\/wp\/v2\/users\/5"}],"replies":[{"embeddable":true,"href":"https:\/\/www.aecl.ca\/fr\/wp-json\/wp\/v2\/comments?post=119657"}],"version-history":[{"count":0,"href":"https:\/\/www.aecl.ca\/fr\/wp-json\/wp\/v2\/pages\/119657\/revisions"}],"wp:attachment":[{"href":"https:\/\/www.aecl.ca\/fr\/wp-json\/wp\/v2\/media?parent=119657"}],"curies":[{"name":"wp","href":"https:\/\/api.w.org\/{rel}","templated":true}]}}