{"id":119669,"date":"2018-12-12T10:40:18","date_gmt":"2018-12-12T15:40:18","guid":{"rendered":"http:\/\/aecl2.wpengine.com\/?page_id=119669"},"modified":"2025-04-01T14:19:29","modified_gmt":"2025-04-01T18:19:29","slug":"valeurs-daecl","status":"publish","type":"page","link":"https:\/\/www.aecl.ca\/fr\/a-propos-deacl\/valeurs-daecl\/","title":{"rendered":"Valeurs d&rsquo;AECL"},"content":{"rendered":"<p>[et_pb_section fb_built=\u00a0\u00bb1&Prime; fullwidth=\u00a0\u00bbon\u00a0\u00bb _builder_version=\u00a0\u00bb4.16&Prime; global_colors_info=\u00a0\u00bb{}\u00a0\u00bb][et_pb_fullwidth_slider show_arrows=\u00a0\u00bboff\u00a0\u00bb show_pagination=\u00a0\u00bboff\u00a0\u00bb module_class=\u00a0\u00bbwith-blue-bar\u00a0\u00bb _builder_version=\u00a0\u00bb4.27.4&Prime; hover_enabled=\u00a0\u00bb0&Prime; global_colors_info=\u00a0\u00bb{}\u00a0\u00bb sticky_enabled=\u00a0\u00bb0&Prime;][et_pb_slide use_bg_overlay=\u00a0\u00bboff\u00a0\u00bb use_text_overlay=\u00a0\u00bboff\u00a0\u00bb _builder_version=\u00a0\u00bb4.27.4&Prime; header_level=\u00a0\u00bbh1&Prime; header_font_size=\u00a0\u00bb48&Prime; body_font_size=\u00a0\u00bb35&Prime; body_line_height=\u00a0\u00bb1.2em\u00a0\u00bb background_image=\u00a0\u00bbhttps:\/\/www.aecl.ca\/wp-content\/uploads\/2018\/11\/banner-about-aecl.jpg\u00a0\u00bb button_on_hover=\u00a0\u00bbon\u00a0\u00bb text_orientation=\u00a0\u00bbleft\u00a0\u00bb background_layout=\u00a0\u00bblight\u00a0\u00bb hover_enabled=\u00a0\u00bb0&Prime; header_font_size_tablet=\u00a0\u00bb48&Prime; header_font_size_phone=\u00a0\u00bb33&Prime; header_font_size_last_edited=\u00a0\u00bbon|phone\u00a0\u00bb body_font_size_tablet=\u00a0\u00bb35&Prime; body_font_size_phone=\u00a0\u00bb20&Prime; body_font_size_last_edited=\u00a0\u00bbon|phone\u00a0\u00bb body_line_height_tablet=\u00a0\u00bb1.2em\u00a0\u00bb body_line_height_phone=\u00a0\u00bb1.2em\u00a0\u00bb global_colors_info=\u00a0\u00bb{}\u00a0\u00bb sticky_transition=\u00a0\u00bbon\u00a0\u00bb background_enable_color=\u00a0\u00bboff\u00a0\u00bb sticky_enabled=\u00a0\u00bb0&Prime;][\/et_pb_slide][\/et_pb_fullwidth_slider][\/et_pb_section][et_pb_section fb_built=\u00a0\u00bb1&Prime; admin_label=\u00a0\u00bbHeader Section\u00a0\u00bb _builder_version=\u00a0\u00bb4.27.4&Prime; custom_padding=\u00a0\u00bb0px||0px||false|false\u00a0\u00bb locked=\u00a0\u00bboff\u00a0\u00bb global_colors_info=\u00a0\u00bb{}\u00a0\u00bb][et_pb_row module_class=\u00a0\u00bbet_items_align_middle\u00a0\u00bb _builder_version=\u00a0\u00bb4.27.4&Prime; custom_padding=\u00a0\u00bb30px||20px||false|false\u00a0\u00bb global_colors_info=\u00a0\u00bb{}\u00a0\u00bb][et_pb_column type=\u00a0\u00bb4_4&Prime; _builder_version=\u00a0\u00bb4.27.4&Prime; custom_padding=\u00a0\u00bb|||\u00a0\u00bb global_colors_info=\u00a0\u00bb{}\u00a0\u00bb custom_padding__hover=\u00a0\u00bb|||\u00a0\u00bb][et_pb_text admin_label=\u00a0\u00bbHeader Text\u00a0\u00bb _builder_version=\u00a0\u00bb4.27.4&Prime; text_font=\u00a0\u00bbRoboto|900|||||||\u00a0\u00bb text_text_color=\u00a0\u00bb#0078d4&Prime; text_font_size=\u00a0\u00bb20px\u00a0\u00bb text_line_height=\u00a0\u00bb2em\u00a0\u00bb header_font=\u00a0\u00bbDomine||||||||\u00a0\u00bb header_2_font=\u00a0\u00bbDomine||||||||\u00a0\u00bb header_2_text_align=\u00a0\u00bbleft\u00a0\u00bb header_2_text_color=\u00a0\u00bb#0078d5&Prime; header_2_font_size=\u00a0\u00bb24px\u00a0\u00bb header_2_line_height=\u00a0\u00bb1.5em\u00a0\u00bb header_font_size_tablet=\u00a0\u00bb36px\u00a0\u00bb header_font_size_phone=\u00a0\u00bb36px\u00a0\u00bb header_font_size_last_edited=\u00a0\u00bbon|tablet\u00a0\u00bb global_colors_info=\u00a0\u00bb{}\u00a0\u00bb]\u00c0 propos d\u2019EACL<\/p>\n<h1>Nos valeurs<\/h1>\n<p>[\/et_pb_text][\/et_pb_column][\/et_pb_row][\/et_pb_section][et_pb_section fb_built=\u00a0\u00bb1&Prime; _builder_version=\u00a0\u00bb4.27.4&Prime; background_color=\u00a0\u00bbrgba(255,255,255,0)\u00a0\u00bb background_image=\u00a0\u00bbhttps:\/\/www.aecl.ca\/wp-content\/uploads\/2018\/11\/bg-globe.png\u00a0\u00bb background_size=\u00a0\u00bbinitial\u00a0\u00bb background_position=\u00a0\u00bbtop_right\u00a0\u00bb custom_margin=\u00a0\u00bb|||\u00a0\u00bb custom_padding=\u00a0\u00bb0px||||false|false\u00a0\u00bb custom_css_main_element=\u00a0\u00bbbackground-position:right 100px !important;\u00a0\u00bb global_colors_info=\u00a0\u00bb{}\u00a0\u00bb][et_pb_row column_structure=\u00a0\u00bb2_3,1_3&Prime; _builder_version=\u00a0\u00bb4.27.4&Prime; module_alignment=\u00a0\u00bbcenter\u00a0\u00bb custom_margin=\u00a0\u00bb|||\u00a0\u00bb custom_padding=\u00a0\u00bb0px||||false|false\u00a0\u00bb global_colors_info=\u00a0\u00bb{}\u00a0\u00bb][et_pb_column type=\u00a0\u00bb2_3&Prime; _builder_version=\u00a0\u00bb4.16&Prime; custom_padding=\u00a0\u00bb|||\u00a0\u00bb global_colors_info=\u00a0\u00bb{}\u00a0\u00bb custom_padding__hover=\u00a0\u00bb|||\u00a0\u00bb][et_pb_text _builder_version=\u00a0\u00bb4.27.4&Prime; text_line_height=\u00a0\u00bb1.8em\u00a0\u00bb header_2_font=\u00a0\u00bbDomine||||||||\u00a0\u00bb header_2_text_align=\u00a0\u00bbleft\u00a0\u00bb header_2_text_color=\u00a0\u00bb#0078d5&Prime; header_2_font_size=\u00a0\u00bb24px\u00a0\u00bb header_2_line_height=\u00a0\u00bb1.5em\u00a0\u00bb header_3_text_color=\u00a0\u00bb#008fff\u00a0\u00bb header_3_font_size=\u00a0\u00bb24px\u00a0\u00bb header_3_line_height=\u00a0\u00bb2.5em\u00a0\u00bb hover_enabled=\u00a0\u00bb0&Prime; global_colors_info=\u00a0\u00bb{}\u00a0\u00bb sticky_enabled=\u00a0\u00bb0&Prime;]<\/p>\n<h2>Responsabilit\u00e9<\/h2>\n<p>\u00c0 EACL, nous croyons que <strong>la responsabilit\u00e9 implique de prendre pleinement en charge nos actions, leurs r\u00e9sultats et les engagements que nous prenons<\/strong>. Nous sommes responsables les uns envers les autres, envers les Canadiens, les peuples autochtones et envers les communaut\u00e9s que nous servons. Que ce soit dans le succ\u00e8s ou l\u2019\u00e9chec, nous r\u00e9fl\u00e9chissons \u00e0 nos actions, nous apprenons d\u2019elles, et nous nous effor\u00e7ons de nous am\u00e9liorer. Gr\u00e2ce \u00e0 la transparence et \u00e0 l\u2019int\u00e9grit\u00e9, nous b\u00e2tissons la confiance et nous nous assurons de nous acquitter de notre mandat.<\/p>\n<h2>Int\u00e9grit\u00e9<\/h2>\n<p>\u00c0 EACL, nous croyons que <strong>l\u2019int\u00e9grit\u00e9 signifie toujours faire ce qu\u2019il faut<\/strong>, m\u00eame lorsque c\u2019est difficile. Notre engagement envers l\u2019int\u00e9grit\u00e9 renforce la confiance et refl\u00e8te notre attachement aux normes morales et \u00e9thiques les plus \u00e9lev\u00e9es. Nous reconnaissons que l\u2019int\u00e9grit\u00e9 nous guide \u00e0 agir avec honn\u00eatet\u00e9, transparence et coh\u00e9rence dans chaque d\u00e9cision. Nous assumons la responsabilit\u00e9 de nos actions et maintenons la confiance du public avec une int\u00e9grit\u00e9 ind\u00e9fectible.<\/p>\n<h2>Respect<\/h2>\n<p>\u00c0 EACL, nous croyons que le <strong>respect signifie valoriser chaque individu, communaut\u00e9 et environnement<\/strong> avec dignit\u00e9 et compr\u00e9hension. Le respect favorise l\u2019inclusion, assume une intention positive et cr\u00e9e une atmosph\u00e8re o\u00f9 toutes les voix sont entendues. Nous honorons les diff\u00e9rences, acceptons la diversit\u00e9 et nous engageons avec ouverture, en reconnaissant que notre succ\u00e8s repose sur les contributions et le bien-\u00eatre de tous les intervenants, de nos coll\u00e8gues \u00e0 nos communaut\u00e9s et \u00e0 la terre sur laquelle nous travaillons.<\/p>\n<h2>Innovation<\/h2>\n<p>\u00c0 EACL, nous croyons que mieux est toujours possible. Cela est d\u2019une importance capitale, de <strong>promouvoir l\u2019innovation dans nos missions<\/strong>, et de la part de notre entrepreneur, \u00e0 la recherche de moyens de faire les choses plus efficacement dans nos processus quotidiens. Nous encourageons chaque membre d\u2019\u00e9quipe \u00e0 avoir une pens\u00e9e audacieuse, \u00e0 poser des questions et \u00e0 faire preuve de curiosit\u00e9. L\u2019innovation ne se limite pas \u00e0 la technologie, elle se trouve dans chaque action, conversation et solution que nous cr\u00e9ons ensemble.<\/p>\n<h2>Collaboration<\/h2>\n<p>\u00c0 EACL, nous croyons que <strong>la collaboration est la cl\u00e9 de la r\u00e9alisation de nos objectifs communs<\/strong>, en exploitant la force collective et l\u2019intelligence de nos diverses \u00e9quipes. La collaboration v\u00e9ritable, c\u2019est plus que travailler ensemble, cela implique l\u2019\u00e9coute, valoriser diff\u00e9rents points de vue et \u00e9tablir un consensus. En favorisant un environnement de respect et de coop\u00e9ration mutuels, nous veillons \u00e0 ce que chaque voix soit entendue, et que chaque comp\u00e9tence soit utilis\u00e9e \u00e0 son plein potentiel.<\/p>\n<p>[\/et_pb_text][\/et_pb_column][et_pb_column type=\u00a0\u00bb1_3&Prime; _builder_version=\u00a0\u00bb4.16&Prime; custom_padding=\u00a0\u00bb|||\u00a0\u00bb global_colors_info=\u00a0\u00bb{}\u00a0\u00bb custom_padding__hover=\u00a0\u00bb|||\u00a0\u00bb][et_pb_text disabled_on=\u00a0\u00bbon|on|off\u00a0\u00bb admin_label=\u00a0\u00bbS\u00e9curit\u00e9\u00a0\u00bb _builder_version=\u00a0\u00bb4.27.4&Prime; text_text_color=\u00a0\u00bb#ffffff\u00a0\u00bb link_text_color=\u00a0\u00bb#ffffff\u00a0\u00bb header_3_font=\u00a0\u00bbDomine||||||||\u00a0\u00bb header_3_text_color=\u00a0\u00bb#002d73&Prime; header_3_font_size=\u00a0\u00bb26px\u00a0\u00bb header_3_line_height=\u00a0\u00bb3em\u00a0\u00bb background_color=\u00a0\u00bb#012d73&Prime; custom_padding=\u00a0\u00bb20px|29px|40px|29px\u00a0\u00bb hover_enabled=\u00a0\u00bb0&Prime; saved_tabs=\u00a0\u00bball\u00a0\u00bb global_colors_info=\u00a0\u00bb{}\u00a0\u00bb header_4_font_size__hover=\u00a0\u00bb18px\u00a0\u00bb header_4_font_size__hover_enabled=\u00a0\u00bb18px\u00a0\u00bb header_4_letter_spacing__hover=\u00a0\u00bb0px\u00a0\u00bb header_4_letter_spacing__hover_enabled=\u00a0\u00bb0px\u00a0\u00bb header_4_line_height__hover=\u00a0\u00bb1em\u00a0\u00bb header_4_line_height__hover_enabled=\u00a0\u00bb1em\u00a0\u00bb header_4_text_shadow_style__hover=\u00a0\u00bbnone\u00a0\u00bb header_4_text_shadow_style__hover_enabled=\u00a0\u00bbnone\u00a0\u00bb header_4_text_shadow_color__hover=\u00a0\u00bbrgba(0,0,0,0.4)\u00a0\u00bb header_4_text_shadow_color__hover_enabled=\u00a0\u00bbrgba(0,0,0,0.4)\u00a0\u00bb sticky_enabled=\u00a0\u00bb0&Prime; header_2_text_color=\u00a0\u00bb#FFFFFF\u00a0\u00bb]<\/p>\n<h2>La s\u00e9curit\u00e9<\/h2>\n<p>La s\u00e9curit\u00e9 est notre fondement : Une prestation s\u00fbre et pr\u00e9visible est au c\u0153ur de tout ce que nous faisons \u00e0 EACL.<\/p>\n<p>[\/et_pb_text][et_pb_text disabled_on=\u00a0\u00bbon|on|off\u00a0\u00bb admin_label=\u00a0\u00bbDroit de l&rsquo;humain\u00a0\u00bb _builder_version=\u00a0\u00bb4.27.4&Prime; text_text_color=\u00a0\u00bb#ffffff\u00a0\u00bb link_text_color=\u00a0\u00bb#ffffff\u00a0\u00bb header_3_font=\u00a0\u00bbDomine||||||||\u00a0\u00bb header_3_text_color=\u00a0\u00bb#002d73&Prime; header_3_font_size=\u00a0\u00bb26px\u00a0\u00bb header_3_line_height=\u00a0\u00bb3em\u00a0\u00bb background_color=\u00a0\u00bb#012d73&Prime; custom_padding=\u00a0\u00bb20px|29px|40px|29px\u00a0\u00bb hover_enabled=\u00a0\u00bb0&Prime; saved_tabs=\u00a0\u00bball\u00a0\u00bb global_colors_info=\u00a0\u00bb{}\u00a0\u00bb header_4_font_size__hover=\u00a0\u00bb18px\u00a0\u00bb header_4_font_size__hover_enabled=\u00a0\u00bb18px\u00a0\u00bb header_4_letter_spacing__hover=\u00a0\u00bb0px\u00a0\u00bb header_4_letter_spacing__hover_enabled=\u00a0\u00bb0px\u00a0\u00bb header_4_line_height__hover=\u00a0\u00bb1em\u00a0\u00bb header_4_line_height__hover_enabled=\u00a0\u00bb1em\u00a0\u00bb header_4_text_shadow_style__hover=\u00a0\u00bbnone\u00a0\u00bb header_4_text_shadow_style__hover_enabled=\u00a0\u00bbnone\u00a0\u00bb header_4_text_shadow_color__hover=\u00a0\u00bbrgba(0,0,0,0.4)\u00a0\u00bb header_4_text_shadow_color__hover_enabled=\u00a0\u00bbrgba(0,0,0,0.4)\u00a0\u00bb header_2_text_color=\u00a0\u00bb#FFFFFF\u00a0\u00bb sticky_enabled=\u00a0\u00bb0&Prime;]<\/p>\n<h2>Droits de la personne<\/h2>\n<p>\u00c0 l\u2019EACL, nous nous engageons \u00e0 respecter les droits de la personne dans toutes nos op\u00e9rations, ainsi qu\u2019\u00e0 maintenir et promouvoir un milieu de travail s\u00fbr, sain et respectueux. En tant que soci\u00e9t\u00e9 d\u2019\u00c9tat f\u00e9d\u00e9rale, nous reconnaissons notre devoir de veiller \u00e0 ce que nos op\u00e9rations et nos interactions soient align\u00e9es avec les normes les plus \u00e9lev\u00e9es en mati\u00e8re de respect, d\u2019\u00e9galit\u00e9 et d\u2019\u00e9quit\u00e9 pour tous.<\/p>\n<p>[\/et_pb_text][\/et_pb_column][\/et_pb_row][\/et_pb_section]<\/p>\n","protected":false},"excerpt":{"rendered":"<p>\u00c0 propos d\u2019EACL Nos valeursResponsabilit\u00e9 \u00c0 EACL, nous croyons que la responsabilit\u00e9 implique de prendre pleinement en charge nos actions, leurs r\u00e9sultats et les engagements que nous prenons. Nous sommes responsables les uns envers les autres, envers les Canadiens, les peuples autochtones et envers les communaut\u00e9s que nous servons. Que ce soit dans le succ\u00e8s [&hellip;]<\/p>\n","protected":false},"author":5,"featured_media":0,"parent":119741,"menu_order":0,"comment_status":"closed","ping_status":"closed","template":"","meta":{"_acf_changed":false,"_et_pb_use_builder":"on","_et_pb_old_content":"","_et_gb_content_width":"","footnotes":""},"class_list":["post-119669","page","type-page","status-publish","hentry"],"acf":[],"yoast_head":"<!-- This site is optimized with the Yoast SEO Premium plugin v27.1 (Yoast SEO v27.1.1) - https:\/\/yoast.com\/product\/yoast-seo-premium-wordpress\/ -->\n<title>Valeurs d&#039;AECL Les valeurs d&#039;EACL - EACL<\/title>\n<meta name=\"description\" content=\"Les valeurs sont travail d&#039;\u00e9quipe, intendance, imputabilit\u00e9, int\u00e9grit\u00e9, souci de la s\u00e9curit\u00e9, respect\" \/>\n<meta name=\"robots\" content=\"index, follow, max-snippet:-1, max-image-preview:large, max-video-preview:-1\" \/>\n<link rel=\"canonical\" href=\"https:\/\/www.aecl.ca\/fr\/a-propos-deacl\/valeurs-daecl\/\" \/>\n<meta property=\"og:locale\" content=\"fr_FR\" \/>\n<meta property=\"og:type\" content=\"article\" \/>\n<meta property=\"og:title\" content=\"Valeurs d&#039;AECL\" \/>\n<meta property=\"og:description\" content=\"Les valeurs sont travail d&#039;\u00e9quipe, intendance, imputabilit\u00e9, int\u00e9grit\u00e9, souci de la s\u00e9curit\u00e9, respect\" \/>\n<meta property=\"og:url\" content=\"https:\/\/www.aecl.ca\/fr\/a-propos-deacl\/valeurs-daecl\/\" \/>\n<meta property=\"og:site_name\" content=\"EACL\" \/>\n<meta property=\"article:modified_time\" content=\"2025-04-01T18:19:29+00:00\" \/>\n<meta property=\"og:image\" content=\"https:\/\/www.aecl.ca\/wp-content\/uploads\/2019\/01\/AECL-Stacked-Blue.png\" \/>\n\t<meta property=\"og:image:width\" content=\"1600\" \/>\n\t<meta property=\"og:image:height\" content=\"560\" \/>\n\t<meta property=\"og:image:type\" content=\"image\/png\" \/>\n<meta name=\"twitter:card\" content=\"summary_large_image\" \/>\n<meta name=\"twitter:site\" content=\"@AECL_EACL\" \/>\n<meta name=\"twitter:label1\" content=\"Dur\u00e9e de lecture estim\u00e9e\" \/>\n\t<meta name=\"twitter:data1\" content=\"3 minutes\" \/>\n<script type=\"application\/ld+json\" class=\"yoast-schema-graph\">{\"@context\":\"https:\/\/schema.org\",\"@graph\":[{\"@type\":\"WebPage\",\"@id\":\"https:\/\/www.aecl.ca\/fr\/a-propos-deacl\/valeurs-daecl\/\",\"url\":\"https:\/\/www.aecl.ca\/fr\/a-propos-deacl\/valeurs-daecl\/\",\"name\":\"Valeurs d'AECL Les valeurs d'EACL - EACL\",\"isPartOf\":{\"@id\":\"https:\/\/www.aecl.ca\/fr\/#website\"},\"datePublished\":\"2018-12-12T15:40:18+00:00\",\"dateModified\":\"2025-04-01T18:19:29+00:00\",\"description\":\"Les valeurs sont travail d'\u00e9quipe, intendance, imputabilit\u00e9, int\u00e9grit\u00e9, souci de la s\u00e9curit\u00e9, respect\",\"breadcrumb\":{\"@id\":\"https:\/\/www.aecl.ca\/fr\/a-propos-deacl\/valeurs-daecl\/#breadcrumb\"},\"inLanguage\":\"fr-FR\",\"potentialAction\":[{\"@type\":\"ReadAction\",\"target\":[\"https:\/\/www.aecl.ca\/fr\/a-propos-deacl\/valeurs-daecl\/\"]}]},{\"@type\":\"BreadcrumbList\",\"@id\":\"https:\/\/www.aecl.ca\/fr\/a-propos-deacl\/valeurs-daecl\/#breadcrumb\",\"itemListElement\":[{\"@type\":\"ListItem\",\"position\":1,\"name\":\"Home\",\"item\":\"https:\/\/www.aecl.ca\/fr\/\"},{\"@type\":\"ListItem\",\"position\":2,\"name\":\"\u00c0 propos d\u2019EACL\",\"item\":\"https:\/\/www.aecl.ca\/fr\/a-propos-deacl\/\"},{\"@type\":\"ListItem\",\"position\":3,\"name\":\"Valeurs d&#8217;AECL\"}]},{\"@type\":\"WebSite\",\"@id\":\"https:\/\/www.aecl.ca\/fr\/#website\",\"url\":\"https:\/\/www.aecl.ca\/fr\/\",\"name\":\"EACL\",\"description\":\"\u00c9nergie atomique du Canada limit\u00e9e\",\"publisher\":{\"@id\":\"https:\/\/www.aecl.ca\/fr\/#organization\"},\"potentialAction\":[{\"@type\":\"SearchAction\",\"target\":{\"@type\":\"EntryPoint\",\"urlTemplate\":\"https:\/\/www.aecl.ca\/fr\/?s={search_term_string}\"},\"query-input\":{\"@type\":\"PropertyValueSpecification\",\"valueRequired\":true,\"valueName\":\"search_term_string\"}}],\"inLanguage\":\"fr-FR\"},{\"@type\":\"Organization\",\"@id\":\"https:\/\/www.aecl.ca\/fr\/#organization\",\"name\":\"Atomic Energy Canada Limited AECL\",\"url\":\"https:\/\/www.aecl.ca\/fr\/\",\"logo\":{\"@type\":\"ImageObject\",\"inLanguage\":\"fr-FR\",\"@id\":\"https:\/\/www.aecl.ca\/fr\/#\/schema\/logo\/image\/\",\"url\":\"https:\/\/www.aecl.ca\/wp-content\/uploads\/2019\/01\/AECL-Stacked-Blue.png\",\"contentUrl\":\"https:\/\/www.aecl.ca\/wp-content\/uploads\/2019\/01\/AECL-Stacked-Blue.png\",\"width\":1600,\"height\":560,\"caption\":\"Atomic Energy Canada Limited AECL\"},\"image\":{\"@id\":\"https:\/\/www.aecl.ca\/fr\/#\/schema\/logo\/image\/\"},\"sameAs\":[\"https:\/\/x.com\/AECL_EACL\",\"https:\/\/www.linkedin.com\/company\/aecl\"]}]}<\/script>\n<!-- \/ Yoast SEO Premium plugin. -->","yoast_head_json":{"title":"Valeurs d'AECL Les valeurs d'EACL - EACL","description":"Les valeurs sont travail d'\u00e9quipe, intendance, imputabilit\u00e9, int\u00e9grit\u00e9, souci de la s\u00e9curit\u00e9, respect","robots":{"index":"index","follow":"follow","max-snippet":"max-snippet:-1","max-image-preview":"max-image-preview:large","max-video-preview":"max-video-preview:-1"},"canonical":"https:\/\/www.aecl.ca\/fr\/a-propos-deacl\/valeurs-daecl\/","og_locale":"fr_FR","og_type":"article","og_title":"Valeurs d'AECL","og_description":"Les valeurs sont travail d'\u00e9quipe, intendance, imputabilit\u00e9, int\u00e9grit\u00e9, souci de la s\u00e9curit\u00e9, respect","og_url":"https:\/\/www.aecl.ca\/fr\/a-propos-deacl\/valeurs-daecl\/","og_site_name":"EACL","article_modified_time":"2025-04-01T18:19:29+00:00","og_image":[{"width":1600,"height":560,"url":"https:\/\/www.aecl.ca\/wp-content\/uploads\/2019\/01\/AECL-Stacked-Blue.png","type":"image\/png"}],"twitter_card":"summary_large_image","twitter_site":"@AECL_EACL","twitter_misc":{"Dur\u00e9e de lecture estim\u00e9e":"3 minutes"},"schema":{"@context":"https:\/\/schema.org","@graph":[{"@type":"WebPage","@id":"https:\/\/www.aecl.ca\/fr\/a-propos-deacl\/valeurs-daecl\/","url":"https:\/\/www.aecl.ca\/fr\/a-propos-deacl\/valeurs-daecl\/","name":"Valeurs d'AECL Les valeurs d'EACL - EACL","isPartOf":{"@id":"https:\/\/www.aecl.ca\/fr\/#website"},"datePublished":"2018-12-12T15:40:18+00:00","dateModified":"2025-04-01T18:19:29+00:00","description":"Les valeurs sont travail d'\u00e9quipe, intendance, imputabilit\u00e9, int\u00e9grit\u00e9, souci de la s\u00e9curit\u00e9, respect","breadcrumb":{"@id":"https:\/\/www.aecl.ca\/fr\/a-propos-deacl\/valeurs-daecl\/#breadcrumb"},"inLanguage":"fr-FR","potentialAction":[{"@type":"ReadAction","target":["https:\/\/www.aecl.ca\/fr\/a-propos-deacl\/valeurs-daecl\/"]}]},{"@type":"BreadcrumbList","@id":"https:\/\/www.aecl.ca\/fr\/a-propos-deacl\/valeurs-daecl\/#breadcrumb","itemListElement":[{"@type":"ListItem","position":1,"name":"Home","item":"https:\/\/www.aecl.ca\/fr\/"},{"@type":"ListItem","position":2,"name":"\u00c0 propos d\u2019EACL","item":"https:\/\/www.aecl.ca\/fr\/a-propos-deacl\/"},{"@type":"ListItem","position":3,"name":"Valeurs d&#8217;AECL"}]},{"@type":"WebSite","@id":"https:\/\/www.aecl.ca\/fr\/#website","url":"https:\/\/www.aecl.ca\/fr\/","name":"EACL","description":"\u00c9nergie atomique du Canada limit\u00e9e","publisher":{"@id":"https:\/\/www.aecl.ca\/fr\/#organization"},"potentialAction":[{"@type":"SearchAction","target":{"@type":"EntryPoint","urlTemplate":"https:\/\/www.aecl.ca\/fr\/?s={search_term_string}"},"query-input":{"@type":"PropertyValueSpecification","valueRequired":true,"valueName":"search_term_string"}}],"inLanguage":"fr-FR"},{"@type":"Organization","@id":"https:\/\/www.aecl.ca\/fr\/#organization","name":"Atomic Energy Canada Limited AECL","url":"https:\/\/www.aecl.ca\/fr\/","logo":{"@type":"ImageObject","inLanguage":"fr-FR","@id":"https:\/\/www.aecl.ca\/fr\/#\/schema\/logo\/image\/","url":"https:\/\/www.aecl.ca\/wp-content\/uploads\/2019\/01\/AECL-Stacked-Blue.png","contentUrl":"https:\/\/www.aecl.ca\/wp-content\/uploads\/2019\/01\/AECL-Stacked-Blue.png","width":1600,"height":560,"caption":"Atomic Energy Canada Limited AECL"},"image":{"@id":"https:\/\/www.aecl.ca\/fr\/#\/schema\/logo\/image\/"},"sameAs":["https:\/\/x.com\/AECL_EACL","https:\/\/www.linkedin.com\/company\/aecl"]}]}},"_links":{"self":[{"href":"https:\/\/www.aecl.ca\/fr\/wp-json\/wp\/v2\/pages\/119669","targetHints":{"allow":["GET"]}}],"collection":[{"href":"https:\/\/www.aecl.ca\/fr\/wp-json\/wp\/v2\/pages"}],"about":[{"href":"https:\/\/www.aecl.ca\/fr\/wp-json\/wp\/v2\/types\/page"}],"author":[{"embeddable":true,"href":"https:\/\/www.aecl.ca\/fr\/wp-json\/wp\/v2\/users\/5"}],"replies":[{"embeddable":true,"href":"https:\/\/www.aecl.ca\/fr\/wp-json\/wp\/v2\/comments?post=119669"}],"version-history":[{"count":0,"href":"https:\/\/www.aecl.ca\/fr\/wp-json\/wp\/v2\/pages\/119669\/revisions"}],"up":[{"embeddable":true,"href":"https:\/\/www.aecl.ca\/fr\/wp-json\/wp\/v2\/pages\/119741"}],"wp:attachment":[{"href":"https:\/\/www.aecl.ca\/fr\/wp-json\/wp\/v2\/media?parent=119669"}],"curies":[{"name":"wp","href":"https:\/\/api.w.org\/{rel}","templated":true}]}}