{"id":119737,"date":"2018-12-12T08:59:33","date_gmt":"2018-12-12T13:59:33","guid":{"rendered":"http:\/\/aecl2.wpengine.com\/?page_id=119737"},"modified":"2025-04-01T08:59:23","modified_gmt":"2025-04-01T12:59:23","slug":"itineraire-de-transport-dans-le-nord","status":"publish","type":"page","link":"https:\/\/www.aecl.ca\/fr\/dechets-radioactifs\/les-sites\/itineraire-de-transport-dans-le-nord\/","title":{"rendered":"Itin\u00e9raire de transport dans le Nord"},"content":{"rendered":"<p>[et_pb_section fb_built=\u00a0\u00bb1&Prime; fullwidth=\u00a0\u00bbon\u00a0\u00bb _builder_version=\u00a0\u00bb4.16&Prime; global_colors_info=\u00a0\u00bb{}\u00a0\u00bb][et_pb_fullwidth_slider show_arrows=\u00a0\u00bboff\u00a0\u00bb show_pagination=\u00a0\u00bboff\u00a0\u00bb module_class=\u00a0\u00bbwith-blue-bar\u00a0\u00bb _builder_version=\u00a0\u00bb4.27.4&Prime; hover_enabled=\u00a0\u00bb0&Prime; global_colors_info=\u00a0\u00bb{}\u00a0\u00bb sticky_enabled=\u00a0\u00bb0&Prime;][et_pb_slide use_bg_overlay=\u00a0\u00bboff\u00a0\u00bb use_text_overlay=\u00a0\u00bboff\u00a0\u00bb _builder_version=\u00a0\u00bb4.27.4&Prime; header_level=\u00a0\u00bbh1&Prime; header_text_color=\u00a0\u00bb#ffffff\u00a0\u00bb header_font_size=\u00a0\u00bb48&Prime; body_font_size=\u00a0\u00bb35&Prime; body_line_height=\u00a0\u00bb1.2em\u00a0\u00bb background_image=\u00a0\u00bbhttps:\/\/www.aecl.ca\/wp-content\/uploads\/2018\/11\/banner-northern-rransportation-route.jpg\u00a0\u00bb button_on_hover=\u00a0\u00bbon\u00a0\u00bb text_orientation=\u00a0\u00bbleft\u00a0\u00bb background_layout=\u00a0\u00bblight\u00a0\u00bb hover_enabled=\u00a0\u00bb0&Prime; header_font_size_tablet=\u00a0\u00bb48&Prime; header_font_size_phone=\u00a0\u00bb33&Prime; header_font_size_last_edited=\u00a0\u00bbon|phone\u00a0\u00bb body_font_size_tablet=\u00a0\u00bb35&Prime; body_font_size_phone=\u00a0\u00bb20&Prime; body_font_size_last_edited=\u00a0\u00bbon|phone\u00a0\u00bb body_line_height_tablet=\u00a0\u00bb1.2em\u00a0\u00bb body_line_height_phone=\u00a0\u00bb1.2em\u00a0\u00bb global_colors_info=\u00a0\u00bb{}\u00a0\u00bb sticky_transition=\u00a0\u00bbon\u00a0\u00bb sticky_enabled=\u00a0\u00bb0&Prime;]<br \/>\n[\/et_pb_slide][\/et_pb_fullwidth_slider][\/et_pb_section][et_pb_section fb_built=\u00a0\u00bb1&Prime; admin_label=\u00a0\u00bbHeader Section\u00a0\u00bb _builder_version=\u00a0\u00bb4.27.4&Prime; custom_padding=\u00a0\u00bb0px||0px||false|false\u00a0\u00bb locked=\u00a0\u00bboff\u00a0\u00bb global_colors_info=\u00a0\u00bb{}\u00a0\u00bb][et_pb_row module_class=\u00a0\u00bbet_items_align_middle\u00a0\u00bb _builder_version=\u00a0\u00bb4.27.4&Prime; custom_padding=\u00a0\u00bb30px||20px||false|false\u00a0\u00bb global_colors_info=\u00a0\u00bb{}\u00a0\u00bb][et_pb_column type=\u00a0\u00bb4_4&Prime; _builder_version=\u00a0\u00bb4.27.4&Prime; custom_padding=\u00a0\u00bb|||\u00a0\u00bb global_colors_info=\u00a0\u00bb{}\u00a0\u00bb custom_padding__hover=\u00a0\u00bb|||\u00a0\u00bb][et_pb_text admin_label=\u00a0\u00bbHeader Text\u00a0\u00bb _builder_version=\u00a0\u00bb4.27.4&Prime; text_font=\u00a0\u00bbRoboto|900|||||||\u00a0\u00bb text_text_color=\u00a0\u00bb#0078d4&Prime; text_font_size=\u00a0\u00bb20px\u00a0\u00bb text_line_height=\u00a0\u00bb2em\u00a0\u00bb header_font=\u00a0\u00bbDomine||||||||\u00a0\u00bb header_2_font=\u00a0\u00bbDomine||||||||\u00a0\u00bb header_2_text_align=\u00a0\u00bbleft\u00a0\u00bb header_2_text_color=\u00a0\u00bb#0078d5&Prime; header_2_font_size=\u00a0\u00bb24px\u00a0\u00bb header_2_line_height=\u00a0\u00bb1.5em\u00a0\u00bb hover_enabled=\u00a0\u00bb0&Prime; header_font_size_tablet=\u00a0\u00bb36px\u00a0\u00bb header_font_size_phone=\u00a0\u00bb36px\u00a0\u00bb header_font_size_last_edited=\u00a0\u00bbon|tablet\u00a0\u00bb global_colors_info=\u00a0\u00bb{}\u00a0\u00bb sticky_enabled=\u00a0\u00bb0&Prime;]Les sites<\/p>\n<h1>Itin\u00e9raire de transport dans le Nord<\/h1>\n<p>[\/et_pb_text][\/et_pb_column][\/et_pb_row][\/et_pb_section][et_pb_section fb_built=\u00a0\u00bb1&Prime; _builder_version=\u00a0\u00bb4.16&Prime; custom_padding=\u00a0\u00bb30px||30px||false|false\u00a0\u00bb global_colors_info=\u00a0\u00bb{}\u00a0\u00bb module_class=\u00a0\u00bbblue-section\u00a0\u00bb background_color=\u00a0\u00bb#012d73&Prime;][et_pb_row _builder_version=\u00a0\u00bb4.27.4&Prime; custom_padding=\u00a0\u00bb0px||0px|\u00a0\u00bb global_colors_info=\u00a0\u00bb{}\u00a0\u00bb sticky_enabled=\u00a0\u00bb0&Prime; module_class=\u00a0\u00bbet_items_align_middle\u00a0\u00bb background_size=\u00a0\u00bbinitial\u00a0\u00bb background_position=\u00a0\u00bbtop_left\u00a0\u00bb background_repeat=\u00a0\u00bbrepeat\u00a0\u00bb][et_pb_column type=\u00a0\u00bb4_4&Prime; _builder_version=\u00a0\u00bb4.16&Prime; custom_padding=\u00a0\u00bb|||\u00a0\u00bb global_colors_info=\u00a0\u00bb{}\u00a0\u00bb custom_padding__hover=\u00a0\u00bb|||\u00a0\u00bb][et_pb_text _builder_version=\u00a0\u00bb4.16&Prime; text_font=\u00a0\u00bbDomine||||||||\u00a0\u00bb text_text_color=\u00a0\u00bb#ffffff\u00a0\u00bb text_font_size=\u00a0\u00bb22px\u00a0\u00bb text_line_height=\u00a0\u00bb1.5em\u00a0\u00bb header_font=\u00a0\u00bbDomine||||||||\u00a0\u00bb header_2_font=\u00a0\u00bbDomine||||||||\u00a0\u00bb header_2_text_align=\u00a0\u00bbleft\u00a0\u00bb header_2_text_color=\u00a0\u00bb#0078d5&Prime; header_2_font_size=\u00a0\u00bb24px\u00a0\u00bb header_2_line_height=\u00a0\u00bb1.5em\u00a0\u00bb global_colors_info=\u00a0\u00bb{}\u00a0\u00bb]<\/p>\n<p>De faibles quantit\u00e9s de d\u00e9chets radioactifs de faible activit\u00e9 historiques sont pr\u00e9sents dans les Territoires du Nord-Ouest et le nord de l\u2019Alberta. Ces d\u00e9chets sont le r\u00e9sultat de travaux de manutention et de d\u00e9versements ant\u00e9rieurs de minerai d\u2019uranium \u00e0 certains points le long de l\u2019Itin\u00e9raire de transport dans le Nord, route de 2 200 km faite de voies navigables et de portages entre Port Radium, aux Territoires du Nord-Ouest et Fort McMurray, en Alberta. Ces d\u00e9chets ne pr\u00e9sentent pas de risques pour la sant\u00e9 ou pour l&rsquo;environnement dans leur forme actuelle; toutefois, certains sites doivent \u00eatre nettoy\u00e9s afin de permettre leur utilisation \u00e0 d&rsquo;autres fins.\u00a0<\/p>\n<p>[\/et_pb_text][\/et_pb_column][\/et_pb_row][\/et_pb_section][et_pb_section fb_built=\u00a0\u00bb1&Prime; _builder_version=\u00a0\u00bb4.16&Prime; global_colors_info=\u00a0\u00bb{}\u00a0\u00bb][et_pb_row _builder_version=\u00a0\u00bb4.16&Prime; background_size=\u00a0\u00bbinitial\u00a0\u00bb background_position=\u00a0\u00bbtop_left\u00a0\u00bb background_repeat=\u00a0\u00bbrepeat\u00a0\u00bb global_colors_info=\u00a0\u00bb{}\u00a0\u00bb][et_pb_column type=\u00a0\u00bb4_4&Prime; _builder_version=\u00a0\u00bb4.16&Prime; custom_padding=\u00a0\u00bb|||\u00a0\u00bb global_colors_info=\u00a0\u00bb{}\u00a0\u00bb custom_padding__hover=\u00a0\u00bb|||\u00a0\u00bb][et_pb_text _builder_version=\u00a0\u00bb4.16&Prime; header_2_text_color=\u00a0\u00bb#0078d5&Prime; header_2_font_size=\u00a0\u00bb36px\u00a0\u00bb global_colors_info=\u00a0\u00bb{}\u00a0\u00bb]<\/p>\n<p>Dans les ann\u00e9es 1930, Eldorado Gold Mines Limited a \u00e9tabli une mine \u00e0 Port Radium, Territoires du Nord-Ouest, et une installation de raffinage \u00e0 Port Hope, en Ontario. Le minerai d\u2019uranium \u00e9tait exp\u00e9di\u00e9 vers le sud de l\u2019Ontario, mais devait d\u2019abord parcourir l\u2019Itin\u00e9raire de transport dans le Nord avant d\u2019\u00eatre charg\u00e9 dans des wagons, \u00e0 Fort McMurray, pour \u00eatre envoy\u00e9 pour raffinage \u00e0 Port Hope.<\/p>\n<p>Entre les ann\u00e9es 30 et les ann\u00e9es 60, il y a eu certains d\u00e9versements aux points de transfert le long de l\u2019Itin\u00e9raire lors du transport du minerai vers l\u2019installation d\u2019affinage. On a d\u00e9couvert cette contamination au d\u00e9but des ann\u00e9es 1970 et on a ensuite proc\u00e9d\u00e9 \u00e0 l\u2019identification officielle de la contamination le long de l\u2019Itin\u00e9raire de transport dans le Nord et dans la raffinerie de Port Hope et les environs.<\/p>\n<p>Les sites comportant des niveaux de radiation plus \u00e9lev\u00e9s ont \u00e9t\u00e9 d\u00e9pollu\u00e9s au cours des deux derni\u00e8res d\u00e9cennies. L\u2019exposition radiologique possible qui reste dans les sites remis en \u00e9tat a \u00e9t\u00e9 \u00e9valu\u00e9e dans chaque cas par un consultant ind\u00e9pendant. D\u2019apr\u00e8s le rapport, les concentrations d\u2019uranium sur les sites de l\u2019Itin\u00e9raire de transport dans le Nord ne posent pas de risque radiologique pour la sant\u00e9 compte tenu de leurs utilisations actuelles.<\/p>\n<p>Tous les autres sites de d\u00e9versement de minerai d\u2019uranium qui restent seront remis en \u00e9tat par les <a href=\"https:\/\/www.cnl.ca\/?lang=fr\" target=\"_blank\" rel=\"noopener\">Laboratoires Nucl\u00e9aires Canadiens<\/a> au cours des quelques prochaines ann\u00e9es afin de satisfaire aux crit\u00e8res d\u2019utilisation future non limit\u00e9e des terres.<\/p>\n<p>EACL travaille de concert avec les LNC et fait appel aux collectivit\u00e9s locales et aux groupes autochtones pour pr\u00e9parer des plans de d\u00e9pollution pour tous les sites qui restent afin que les terres puissent convenir \u00e0 une utilisation future non limit\u00e9e (c.-\u00e0-d. convenant \u00e0 n\u2019importe quelle fin).<\/p>\n<p>[\/et_pb_text][\/et_pb_column][\/et_pb_row][\/et_pb_section]<\/p>\n","protected":false},"excerpt":{"rendered":"<p>Les sites Itin\u00e9raire de transport dans le NordDe faibles quantit\u00e9s de d\u00e9chets radioactifs de faible activit\u00e9 historiques sont pr\u00e9sents dans les Territoires du Nord-Ouest et le nord de l\u2019Alberta. Ces d\u00e9chets sont le r\u00e9sultat de travaux de manutention et de d\u00e9versements ant\u00e9rieurs de minerai d\u2019uranium \u00e0 certains points le long de l\u2019Itin\u00e9raire de transport dans [&hellip;]<\/p>\n","protected":false},"author":5,"featured_media":0,"parent":119542,"menu_order":0,"comment_status":"closed","ping_status":"closed","template":"","meta":{"_acf_changed":false,"_et_pb_use_builder":"on","_et_pb_old_content":"","_et_gb_content_width":"","footnotes":""},"class_list":["post-119737","page","type-page","status-publish","hentry"],"acf":[],"yoast_head":"<!-- This site is optimized with the Yoast SEO Premium plugin v27.1 (Yoast SEO v27.1.1) - https:\/\/yoast.com\/product\/yoast-seo-premium-wordpress\/ -->\n<title>Itin\u00e9raire de transport dans le Nord - EACL<\/title>\n<meta name=\"description\" content=\"\u00c9nergie atomique du Canada limit\u00e9e est responsable du nettoyage et restauration de sites o\u00f9 sont pr\u00e9sents des d\u00e9chets radioactifs de faible activit\u00e9 historiques dans les Territoires du Nord-Ouest et dans le nord de l&#039;Alberta. Ces d\u00e9chets y sont pr\u00e9sents suite \u00e0 la manipulation et de l&#039;\u00e9pandage de minerai d&#039;uranium dans le pass\u00e9 \u00e0 certains endroits le long de la voie de transport du Nord.\" \/>\n<meta name=\"robots\" content=\"index, follow, max-snippet:-1, max-image-preview:large, max-video-preview:-1\" \/>\n<link rel=\"canonical\" href=\"https:\/\/www.aecl.ca\/fr\/dechets-radioactifs\/les-sites\/itineraire-de-transport-dans-le-nord\/\" \/>\n<meta property=\"og:locale\" content=\"fr_FR\" \/>\n<meta property=\"og:type\" content=\"article\" \/>\n<meta property=\"og:title\" content=\"Itin\u00e9raire de transport dans le Nord\" \/>\n<meta property=\"og:description\" content=\"\u00c9nergie atomique du Canada limit\u00e9e est responsable du nettoyage et restauration de sites o\u00f9 sont pr\u00e9sents des d\u00e9chets radioactifs de faible activit\u00e9 historiques dans les Territoires du Nord-Ouest et dans le nord de l&#039;Alberta. Ces d\u00e9chets y sont pr\u00e9sents suite \u00e0 la manipulation et de l&#039;\u00e9pandage de minerai d&#039;uranium dans le pass\u00e9 \u00e0 certains endroits le long de la voie de transport du Nord.\" \/>\n<meta property=\"og:url\" content=\"https:\/\/www.aecl.ca\/fr\/dechets-radioactifs\/les-sites\/itineraire-de-transport-dans-le-nord\/\" \/>\n<meta property=\"og:site_name\" content=\"EACL\" \/>\n<meta property=\"article:modified_time\" content=\"2025-04-01T12:59:23+00:00\" \/>\n<meta property=\"og:image\" content=\"https:\/\/www.aecl.ca\/wp-content\/uploads\/2019\/01\/AECL-Stacked-Blue.png\" \/>\n\t<meta property=\"og:image:width\" content=\"1600\" \/>\n\t<meta property=\"og:image:height\" content=\"560\" \/>\n\t<meta property=\"og:image:type\" content=\"image\/png\" \/>\n<meta name=\"twitter:card\" content=\"summary_large_image\" \/>\n<meta name=\"twitter:site\" content=\"@AECL_EACL\" \/>\n<meta name=\"twitter:label1\" content=\"Dur\u00e9e de lecture estim\u00e9e\" \/>\n\t<meta name=\"twitter:data1\" content=\"2 minutes\" \/>\n<script type=\"application\/ld+json\" class=\"yoast-schema-graph\">{\"@context\":\"https:\/\/schema.org\",\"@graph\":[{\"@type\":\"WebPage\",\"@id\":\"https:\/\/www.aecl.ca\/fr\/dechets-radioactifs\/les-sites\/itineraire-de-transport-dans-le-nord\/\",\"url\":\"https:\/\/www.aecl.ca\/fr\/dechets-radioactifs\/les-sites\/itineraire-de-transport-dans-le-nord\/\",\"name\":\"Itin\u00e9raire de transport dans le Nord - EACL\",\"isPartOf\":{\"@id\":\"https:\/\/www.aecl.ca\/fr\/#website\"},\"datePublished\":\"2018-12-12T13:59:33+00:00\",\"dateModified\":\"2025-04-01T12:59:23+00:00\",\"description\":\"\u00c9nergie atomique du Canada limit\u00e9e est responsable du nettoyage et restauration de sites o\u00f9 sont pr\u00e9sents des d\u00e9chets radioactifs de faible activit\u00e9 historiques dans les Territoires du Nord-Ouest et dans le nord de l'Alberta. Ces d\u00e9chets y sont pr\u00e9sents suite \u00e0 la manipulation et de l'\u00e9pandage de minerai d'uranium dans le pass\u00e9 \u00e0 certains endroits le long de la voie de transport du Nord.\",\"breadcrumb\":{\"@id\":\"https:\/\/www.aecl.ca\/fr\/dechets-radioactifs\/les-sites\/itineraire-de-transport-dans-le-nord\/#breadcrumb\"},\"inLanguage\":\"fr-FR\",\"potentialAction\":[{\"@type\":\"ReadAction\",\"target\":[\"https:\/\/www.aecl.ca\/fr\/dechets-radioactifs\/les-sites\/itineraire-de-transport-dans-le-nord\/\"]}]},{\"@type\":\"BreadcrumbList\",\"@id\":\"https:\/\/www.aecl.ca\/fr\/dechets-radioactifs\/les-sites\/itineraire-de-transport-dans-le-nord\/#breadcrumb\",\"itemListElement\":[{\"@type\":\"ListItem\",\"position\":1,\"name\":\"Home\",\"item\":\"https:\/\/www.aecl.ca\/fr\/\"},{\"@type\":\"ListItem\",\"position\":2,\"name\":\"D\u00e9chets radioactifs\",\"item\":\"https:\/\/www.aecl.ca\/fr\/dechets-radioactifs\/\"},{\"@type\":\"ListItem\",\"position\":3,\"name\":\"Les sites\",\"item\":\"https:\/\/www.aecl.ca\/fr\/dechets-radioactifs\/les-sites\/\"},{\"@type\":\"ListItem\",\"position\":4,\"name\":\"Itin\u00e9raire de transport dans le Nord\"}]},{\"@type\":\"WebSite\",\"@id\":\"https:\/\/www.aecl.ca\/fr\/#website\",\"url\":\"https:\/\/www.aecl.ca\/fr\/\",\"name\":\"EACL\",\"description\":\"\u00c9nergie atomique du Canada limit\u00e9e\",\"publisher\":{\"@id\":\"https:\/\/www.aecl.ca\/fr\/#organization\"},\"potentialAction\":[{\"@type\":\"SearchAction\",\"target\":{\"@type\":\"EntryPoint\",\"urlTemplate\":\"https:\/\/www.aecl.ca\/fr\/?s={search_term_string}\"},\"query-input\":{\"@type\":\"PropertyValueSpecification\",\"valueRequired\":true,\"valueName\":\"search_term_string\"}}],\"inLanguage\":\"fr-FR\"},{\"@type\":\"Organization\",\"@id\":\"https:\/\/www.aecl.ca\/fr\/#organization\",\"name\":\"Atomic Energy Canada Limited AECL\",\"url\":\"https:\/\/www.aecl.ca\/fr\/\",\"logo\":{\"@type\":\"ImageObject\",\"inLanguage\":\"fr-FR\",\"@id\":\"https:\/\/www.aecl.ca\/fr\/#\/schema\/logo\/image\/\",\"url\":\"https:\/\/www.aecl.ca\/wp-content\/uploads\/2019\/01\/AECL-Stacked-Blue.png\",\"contentUrl\":\"https:\/\/www.aecl.ca\/wp-content\/uploads\/2019\/01\/AECL-Stacked-Blue.png\",\"width\":1600,\"height\":560,\"caption\":\"Atomic Energy Canada Limited AECL\"},\"image\":{\"@id\":\"https:\/\/www.aecl.ca\/fr\/#\/schema\/logo\/image\/\"},\"sameAs\":[\"https:\/\/x.com\/AECL_EACL\",\"https:\/\/www.linkedin.com\/company\/aecl\"]}]}<\/script>\n<!-- \/ Yoast SEO Premium plugin. -->","yoast_head_json":{"title":"Itin\u00e9raire de transport dans le Nord - EACL","description":"\u00c9nergie atomique du Canada limit\u00e9e est responsable du nettoyage et restauration de sites o\u00f9 sont pr\u00e9sents des d\u00e9chets radioactifs de faible activit\u00e9 historiques dans les Territoires du Nord-Ouest et dans le nord de l'Alberta. Ces d\u00e9chets y sont pr\u00e9sents suite \u00e0 la manipulation et de l'\u00e9pandage de minerai d'uranium dans le pass\u00e9 \u00e0 certains endroits le long de la voie de transport du Nord.","robots":{"index":"index","follow":"follow","max-snippet":"max-snippet:-1","max-image-preview":"max-image-preview:large","max-video-preview":"max-video-preview:-1"},"canonical":"https:\/\/www.aecl.ca\/fr\/dechets-radioactifs\/les-sites\/itineraire-de-transport-dans-le-nord\/","og_locale":"fr_FR","og_type":"article","og_title":"Itin\u00e9raire de transport dans le Nord","og_description":"\u00c9nergie atomique du Canada limit\u00e9e est responsable du nettoyage et restauration de sites o\u00f9 sont pr\u00e9sents des d\u00e9chets radioactifs de faible activit\u00e9 historiques dans les Territoires du Nord-Ouest et dans le nord de l'Alberta. Ces d\u00e9chets y sont pr\u00e9sents suite \u00e0 la manipulation et de l'\u00e9pandage de minerai d'uranium dans le pass\u00e9 \u00e0 certains endroits le long de la voie de transport du Nord.","og_url":"https:\/\/www.aecl.ca\/fr\/dechets-radioactifs\/les-sites\/itineraire-de-transport-dans-le-nord\/","og_site_name":"EACL","article_modified_time":"2025-04-01T12:59:23+00:00","og_image":[{"width":1600,"height":560,"url":"https:\/\/www.aecl.ca\/wp-content\/uploads\/2019\/01\/AECL-Stacked-Blue.png","type":"image\/png"}],"twitter_card":"summary_large_image","twitter_site":"@AECL_EACL","twitter_misc":{"Dur\u00e9e de lecture estim\u00e9e":"2 minutes"},"schema":{"@context":"https:\/\/schema.org","@graph":[{"@type":"WebPage","@id":"https:\/\/www.aecl.ca\/fr\/dechets-radioactifs\/les-sites\/itineraire-de-transport-dans-le-nord\/","url":"https:\/\/www.aecl.ca\/fr\/dechets-radioactifs\/les-sites\/itineraire-de-transport-dans-le-nord\/","name":"Itin\u00e9raire de transport dans le Nord - EACL","isPartOf":{"@id":"https:\/\/www.aecl.ca\/fr\/#website"},"datePublished":"2018-12-12T13:59:33+00:00","dateModified":"2025-04-01T12:59:23+00:00","description":"\u00c9nergie atomique du Canada limit\u00e9e est responsable du nettoyage et restauration de sites o\u00f9 sont pr\u00e9sents des d\u00e9chets radioactifs de faible activit\u00e9 historiques dans les Territoires du Nord-Ouest et dans le nord de l'Alberta. Ces d\u00e9chets y sont pr\u00e9sents suite \u00e0 la manipulation et de l'\u00e9pandage de minerai d'uranium dans le pass\u00e9 \u00e0 certains endroits le long de la voie de transport du Nord.","breadcrumb":{"@id":"https:\/\/www.aecl.ca\/fr\/dechets-radioactifs\/les-sites\/itineraire-de-transport-dans-le-nord\/#breadcrumb"},"inLanguage":"fr-FR","potentialAction":[{"@type":"ReadAction","target":["https:\/\/www.aecl.ca\/fr\/dechets-radioactifs\/les-sites\/itineraire-de-transport-dans-le-nord\/"]}]},{"@type":"BreadcrumbList","@id":"https:\/\/www.aecl.ca\/fr\/dechets-radioactifs\/les-sites\/itineraire-de-transport-dans-le-nord\/#breadcrumb","itemListElement":[{"@type":"ListItem","position":1,"name":"Home","item":"https:\/\/www.aecl.ca\/fr\/"},{"@type":"ListItem","position":2,"name":"D\u00e9chets radioactifs","item":"https:\/\/www.aecl.ca\/fr\/dechets-radioactifs\/"},{"@type":"ListItem","position":3,"name":"Les sites","item":"https:\/\/www.aecl.ca\/fr\/dechets-radioactifs\/les-sites\/"},{"@type":"ListItem","position":4,"name":"Itin\u00e9raire de transport dans le Nord"}]},{"@type":"WebSite","@id":"https:\/\/www.aecl.ca\/fr\/#website","url":"https:\/\/www.aecl.ca\/fr\/","name":"EACL","description":"\u00c9nergie atomique du Canada limit\u00e9e","publisher":{"@id":"https:\/\/www.aecl.ca\/fr\/#organization"},"potentialAction":[{"@type":"SearchAction","target":{"@type":"EntryPoint","urlTemplate":"https:\/\/www.aecl.ca\/fr\/?s={search_term_string}"},"query-input":{"@type":"PropertyValueSpecification","valueRequired":true,"valueName":"search_term_string"}}],"inLanguage":"fr-FR"},{"@type":"Organization","@id":"https:\/\/www.aecl.ca\/fr\/#organization","name":"Atomic Energy Canada Limited AECL","url":"https:\/\/www.aecl.ca\/fr\/","logo":{"@type":"ImageObject","inLanguage":"fr-FR","@id":"https:\/\/www.aecl.ca\/fr\/#\/schema\/logo\/image\/","url":"https:\/\/www.aecl.ca\/wp-content\/uploads\/2019\/01\/AECL-Stacked-Blue.png","contentUrl":"https:\/\/www.aecl.ca\/wp-content\/uploads\/2019\/01\/AECL-Stacked-Blue.png","width":1600,"height":560,"caption":"Atomic Energy Canada Limited AECL"},"image":{"@id":"https:\/\/www.aecl.ca\/fr\/#\/schema\/logo\/image\/"},"sameAs":["https:\/\/x.com\/AECL_EACL","https:\/\/www.linkedin.com\/company\/aecl"]}]}},"_links":{"self":[{"href":"https:\/\/www.aecl.ca\/fr\/wp-json\/wp\/v2\/pages\/119737","targetHints":{"allow":["GET"]}}],"collection":[{"href":"https:\/\/www.aecl.ca\/fr\/wp-json\/wp\/v2\/pages"}],"about":[{"href":"https:\/\/www.aecl.ca\/fr\/wp-json\/wp\/v2\/types\/page"}],"author":[{"embeddable":true,"href":"https:\/\/www.aecl.ca\/fr\/wp-json\/wp\/v2\/users\/5"}],"replies":[{"embeddable":true,"href":"https:\/\/www.aecl.ca\/fr\/wp-json\/wp\/v2\/comments?post=119737"}],"version-history":[{"count":0,"href":"https:\/\/www.aecl.ca\/fr\/wp-json\/wp\/v2\/pages\/119737\/revisions"}],"up":[{"embeddable":true,"href":"https:\/\/www.aecl.ca\/fr\/wp-json\/wp\/v2\/pages\/119542"}],"wp:attachment":[{"href":"https:\/\/www.aecl.ca\/fr\/wp-json\/wp\/v2\/media?parent=119737"}],"curies":[{"name":"wp","href":"https:\/\/api.w.org\/{rel}","templated":true}]}}