{"id":121279,"date":"2020-12-17T14:58:46","date_gmt":"2020-12-17T19:58:46","guid":{"rendered":"http:\/\/www.aecl.ca\/?page_id=121279"},"modified":"2025-04-01T11:49:35","modified_gmt":"2025-04-01T15:49:35","slug":"videos","status":"publish","type":"page","link":"https:\/\/www.aecl.ca\/fr\/recherche\/applications-en-sante-et-biologie\/videos\/","title":{"rendered":"Videos"},"content":{"rendered":"<p>[et_pb_section fb_built=\u00a0\u00bb1&Prime; fullwidth=\u00a0\u00bbon\u00a0\u00bb _builder_version=\u00a0\u00bb4.16&Prime; global_colors_info=\u00a0\u00bb{}\u00a0\u00bb][et_pb_fullwidth_slider show_arrows=\u00a0\u00bboff\u00a0\u00bb show_pagination=\u00a0\u00bboff\u00a0\u00bb admin_label=\u00a0\u00bbPage Banner\u00a0\u00bb module_class=\u00a0\u00bbwith-blue-bar\u00a0\u00bb _builder_version=\u00a0\u00bb4.27.4&Prime; hover_enabled=\u00a0\u00bb0&Prime; global_colors_info=\u00a0\u00bb{}\u00a0\u00bb sticky_enabled=\u00a0\u00bb0&Prime;][et_pb_slide use_bg_overlay=\u00a0\u00bboff\u00a0\u00bb use_text_overlay=\u00a0\u00bboff\u00a0\u00bb _builder_version=\u00a0\u00bb4.27.4&Prime; header_level=\u00a0\u00bbh1&Prime; header_font_size=\u00a0\u00bb48&Prime; body_font_size=\u00a0\u00bb35&Prime; body_line_height=\u00a0\u00bb1.2em\u00a0\u00bb background_color=\u00a0\u00bb#ffffff\u00a0\u00bb background_image=\u00a0\u00bbhttps:\/\/www.aecl.ca\/wp-content\/uploads\/2020\/12\/banner-health-and-biological.jpg\u00a0\u00bb background_enable_image=\u00a0\u00bbon\u00a0\u00bb button_on_hover=\u00a0\u00bbon\u00a0\u00bb text_orientation=\u00a0\u00bbleft\u00a0\u00bb background_layout=\u00a0\u00bblight\u00a0\u00bb hover_enabled=\u00a0\u00bb0&Prime; header_font_size_tablet=\u00a0\u00bb48&Prime; header_font_size_phone=\u00a0\u00bb33&Prime; header_font_size_last_edited=\u00a0\u00bbon|phone\u00a0\u00bb body_font_size_tablet=\u00a0\u00bb35&Prime; body_font_size_phone=\u00a0\u00bb20&Prime; body_font_size_last_edited=\u00a0\u00bbon|phone\u00a0\u00bb body_line_height_tablet=\u00a0\u00bb1.2em\u00a0\u00bb body_line_height_phone=\u00a0\u00bb1.2em\u00a0\u00bb global_colors_info=\u00a0\u00bb{}\u00a0\u00bb sticky_transition=\u00a0\u00bbon\u00a0\u00bb sticky_enabled=\u00a0\u00bb0&Prime;][\/et_pb_slide][\/et_pb_fullwidth_slider][\/et_pb_section][et_pb_section fb_built=\u00a0\u00bb1&Prime; admin_label=\u00a0\u00bbHeader Section\u00a0\u00bb _builder_version=\u00a0\u00bb4.27.4&Prime; custom_padding=\u00a0\u00bb0px||0px||false|false\u00a0\u00bb locked=\u00a0\u00bboff\u00a0\u00bb global_colors_info=\u00a0\u00bb{}\u00a0\u00bb][et_pb_row module_class=\u00a0\u00bbet_items_align_middle\u00a0\u00bb _builder_version=\u00a0\u00bb4.27.4&Prime; custom_padding=\u00a0\u00bb30px||20px||false|false\u00a0\u00bb global_colors_info=\u00a0\u00bb{}\u00a0\u00bb][et_pb_column type=\u00a0\u00bb4_4&Prime; _builder_version=\u00a0\u00bb4.27.4&Prime; custom_padding=\u00a0\u00bb|||\u00a0\u00bb global_colors_info=\u00a0\u00bb{}\u00a0\u00bb custom_padding__hover=\u00a0\u00bb|||\u00a0\u00bb][et_pb_text admin_label=\u00a0\u00bbHeader Text\u00a0\u00bb _builder_version=\u00a0\u00bb4.27.4&Prime; text_font=\u00a0\u00bbRoboto|900|||||||\u00a0\u00bb text_text_color=\u00a0\u00bb#0078d4&Prime; text_font_size=\u00a0\u00bb20px\u00a0\u00bb text_line_height=\u00a0\u00bb2em\u00a0\u00bb header_font=\u00a0\u00bbDomine||||||||\u00a0\u00bb header_2_font=\u00a0\u00bbDomine||||||||\u00a0\u00bb header_2_text_align=\u00a0\u00bbleft\u00a0\u00bb header_2_text_color=\u00a0\u00bb#0078d5&Prime; header_2_font_size=\u00a0\u00bb24px\u00a0\u00bb header_2_line_height=\u00a0\u00bb1.5em\u00a0\u00bb hover_enabled=\u00a0\u00bb0&Prime; header_font_size_tablet=\u00a0\u00bb36px\u00a0\u00bb header_font_size_phone=\u00a0\u00bb36px\u00a0\u00bb header_font_size_last_edited=\u00a0\u00bbon|tablet\u00a0\u00bb global_colors_info=\u00a0\u00bb{}\u00a0\u00bb sticky_enabled=\u00a0\u00bb0&Prime;]Recherche<\/p>\n<h1>Applications en sant\u00e9 et biologie<\/h1>\n<p>[\/et_pb_text][\/et_pb_column][\/et_pb_row][\/et_pb_section][et_pb_section fb_built=\u00a0\u00bb1&Prime; module_class=\u00a0\u00bbblue-section\u00a0\u00bb _builder_version=\u00a0\u00bb4.16&Prime; custom_padding=\u00a0\u00bb10px||10px\u00a0\u00bb global_colors_info=\u00a0\u00bb{}\u00a0\u00bb background_color=\u00a0\u00bb#012d73&Prime;][et_pb_row _builder_version=\u00a0\u00bb4.27.4&Prime; custom_padding=\u00a0\u00bb30px||30px||false|false\u00a0\u00bb global_colors_info=\u00a0\u00bb{}\u00a0\u00bb sticky_enabled=\u00a0\u00bb0&Prime; module_class=\u00a0\u00bbet_items_align_middle\u00a0\u00bb][et_pb_column type=\u00a0\u00bb4_4&Prime; _builder_version=\u00a0\u00bb4.16&Prime; custom_padding=\u00a0\u00bb|||\u00a0\u00bb global_colors_info=\u00a0\u00bb{}\u00a0\u00bb custom_padding__hover=\u00a0\u00bb|||\u00a0\u00bb][et_pb_text admin_label=\u00a0\u00bbText\u00a0\u00bb _builder_version=\u00a0\u00bb4.16&Prime; text_font=\u00a0\u00bbDomine||||||||\u00a0\u00bb text_text_color=\u00a0\u00bb#ffffff\u00a0\u00bb text_font_size=\u00a0\u00bb22px\u00a0\u00bb text_line_height=\u00a0\u00bb1.5em\u00a0\u00bb header_font=\u00a0\u00bbDomine||||||||\u00a0\u00bb header_2_font=\u00a0\u00bbDomine||||||||\u00a0\u00bb header_2_text_align=\u00a0\u00bbleft\u00a0\u00bb header_2_text_color=\u00a0\u00bb#0078d5&Prime; header_2_font_size=\u00a0\u00bb24px\u00a0\u00bb header_2_line_height=\u00a0\u00bb1.5em\u00a0\u00bb saved_tabs=\u00a0\u00bball\u00a0\u00bb global_colors_info=\u00a0\u00bb{}\u00a0\u00bb]<\/p>\n<p>Activit\u00e9s de recherche afin de comprendre les applications biologiques de la recherche nucl\u00e9aire, notamment saisir les effets de l\u2019exposition aux rayonnements ionisants sur la sant\u00e9 des Canadiens.<\/p>\n<p>[\/et_pb_text][\/et_pb_column][\/et_pb_row][\/et_pb_section]<\/p>\n","protected":false},"excerpt":{"rendered":"<p>Recherche Applications en sant\u00e9 et biologieActivit\u00e9s de recherche afin de comprendre les applications biologiques de la recherche nucl\u00e9aire, notamment saisir les effets de l\u2019exposition aux rayonnements ionisants sur la sant\u00e9 des Canadiens.<\/p>\n","protected":false},"author":8,"featured_media":0,"parent":121270,"menu_order":0,"comment_status":"closed","ping_status":"closed","template":"research-category-post-template .php","meta":{"_acf_changed":false,"_et_pb_use_builder":"on","_et_pb_old_content":"","_et_gb_content_width":"","footnotes":""},"class_list":["post-121279","page","type-page","status-publish","hentry"],"acf":[],"yoast_head":"<!-- This site is optimized with the Yoast SEO Premium plugin v27.1 (Yoast SEO v27.1.1) - https:\/\/yoast.com\/product\/yoast-seo-premium-wordpress\/ -->\n<title>Videos - EACL<\/title>\n<meta name=\"description\" content=\"Atomic Energy of Canada Limited is responsible for the management and oversight of the Federal Nuclear Science and Technology Work Plan and engages with the various federal departments and agencies to develop a program of work that meets their needs and priorities and to oversee the delivery of the work to bring value for money for Canada.\" \/>\n<meta name=\"robots\" content=\"index, follow, max-snippet:-1, max-image-preview:large, max-video-preview:-1\" \/>\n<link rel=\"canonical\" href=\"https:\/\/www.aecl.ca\/fr\/recherche\/applications-en-sante-et-biologie\/videos\/\" \/>\n<meta property=\"og:locale\" content=\"fr_FR\" \/>\n<meta property=\"og:type\" content=\"article\" \/>\n<meta property=\"og:title\" content=\"Videos\" \/>\n<meta property=\"og:description\" content=\"Atomic Energy of Canada Limited is responsible for the management and oversight of the Federal Nuclear Science and Technology Work Plan and engages with the various federal departments and agencies to develop a program of work that meets their needs and priorities and to oversee the delivery of the work to bring value for money for Canada.\" \/>\n<meta property=\"og:url\" content=\"https:\/\/www.aecl.ca\/fr\/recherche\/applications-en-sante-et-biologie\/videos\/\" \/>\n<meta property=\"og:site_name\" content=\"EACL\" \/>\n<meta property=\"article:modified_time\" content=\"2025-04-01T15:49:35+00:00\" \/>\n<meta property=\"og:image\" content=\"https:\/\/www.aecl.ca\/wp-content\/uploads\/2019\/01\/AECL-Stacked-Blue.png\" \/>\n\t<meta property=\"og:image:width\" content=\"1600\" \/>\n\t<meta property=\"og:image:height\" content=\"560\" \/>\n\t<meta property=\"og:image:type\" content=\"image\/png\" \/>\n<meta name=\"twitter:card\" content=\"summary_large_image\" \/>\n<meta name=\"twitter:site\" content=\"@AECL_EACL\" \/>\n<meta name=\"twitter:label1\" content=\"Dur\u00e9e de lecture estim\u00e9e\" \/>\n\t<meta name=\"twitter:data1\" content=\"1 minute\" \/>\n<script type=\"application\/ld+json\" class=\"yoast-schema-graph\">{\"@context\":\"https:\/\/schema.org\",\"@graph\":[{\"@type\":\"WebPage\",\"@id\":\"https:\/\/www.aecl.ca\/fr\/recherche\/applications-en-sante-et-biologie\/videos\/\",\"url\":\"https:\/\/www.aecl.ca\/fr\/recherche\/applications-en-sante-et-biologie\/videos\/\",\"name\":\"Videos - EACL\",\"isPartOf\":{\"@id\":\"https:\/\/www.aecl.ca\/fr\/#website\"},\"datePublished\":\"2020-12-17T19:58:46+00:00\",\"dateModified\":\"2025-04-01T15:49:35+00:00\",\"description\":\"Atomic Energy of Canada Limited is responsible for the management and oversight of the Federal Nuclear Science and Technology Work Plan and engages with the various federal departments and agencies to develop a program of work that meets their needs and priorities and to oversee the delivery of the work to bring value for money for Canada.\",\"breadcrumb\":{\"@id\":\"https:\/\/www.aecl.ca\/fr\/recherche\/applications-en-sante-et-biologie\/videos\/#breadcrumb\"},\"inLanguage\":\"fr-FR\",\"potentialAction\":[{\"@type\":\"ReadAction\",\"target\":[\"https:\/\/www.aecl.ca\/fr\/recherche\/applications-en-sante-et-biologie\/videos\/\"]}]},{\"@type\":\"BreadcrumbList\",\"@id\":\"https:\/\/www.aecl.ca\/fr\/recherche\/applications-en-sante-et-biologie\/videos\/#breadcrumb\",\"itemListElement\":[{\"@type\":\"ListItem\",\"position\":1,\"name\":\"Home\",\"item\":\"https:\/\/www.aecl.ca\/fr\/\"},{\"@type\":\"ListItem\",\"position\":2,\"name\":\"Recherche\",\"item\":\"https:\/\/www.aecl.ca\/fr\/recherche\/\"},{\"@type\":\"ListItem\",\"position\":3,\"name\":\"Applications en sant\u00e9 et biologie\",\"item\":\"https:\/\/www.aecl.ca\/fr\/recherche\/applications-en-sante-et-biologie\/\"},{\"@type\":\"ListItem\",\"position\":4,\"name\":\"Videos\"}]},{\"@type\":\"WebSite\",\"@id\":\"https:\/\/www.aecl.ca\/fr\/#website\",\"url\":\"https:\/\/www.aecl.ca\/fr\/\",\"name\":\"EACL\",\"description\":\"\u00c9nergie atomique du Canada limit\u00e9e\",\"publisher\":{\"@id\":\"https:\/\/www.aecl.ca\/fr\/#organization\"},\"potentialAction\":[{\"@type\":\"SearchAction\",\"target\":{\"@type\":\"EntryPoint\",\"urlTemplate\":\"https:\/\/www.aecl.ca\/fr\/?s={search_term_string}\"},\"query-input\":{\"@type\":\"PropertyValueSpecification\",\"valueRequired\":true,\"valueName\":\"search_term_string\"}}],\"inLanguage\":\"fr-FR\"},{\"@type\":\"Organization\",\"@id\":\"https:\/\/www.aecl.ca\/fr\/#organization\",\"name\":\"Atomic Energy Canada Limited AECL\",\"url\":\"https:\/\/www.aecl.ca\/fr\/\",\"logo\":{\"@type\":\"ImageObject\",\"inLanguage\":\"fr-FR\",\"@id\":\"https:\/\/www.aecl.ca\/fr\/#\/schema\/logo\/image\/\",\"url\":\"https:\/\/www.aecl.ca\/wp-content\/uploads\/2019\/01\/AECL-Stacked-Blue.png\",\"contentUrl\":\"https:\/\/www.aecl.ca\/wp-content\/uploads\/2019\/01\/AECL-Stacked-Blue.png\",\"width\":1600,\"height\":560,\"caption\":\"Atomic Energy Canada Limited AECL\"},\"image\":{\"@id\":\"https:\/\/www.aecl.ca\/fr\/#\/schema\/logo\/image\/\"},\"sameAs\":[\"https:\/\/x.com\/AECL_EACL\",\"https:\/\/www.linkedin.com\/company\/aecl\"]}]}<\/script>\n<!-- \/ Yoast SEO Premium plugin. -->","yoast_head_json":{"title":"Videos - EACL","description":"Atomic Energy of Canada Limited is responsible for the management and oversight of the Federal Nuclear Science and Technology Work Plan and engages with the various federal departments and agencies to develop a program of work that meets their needs and priorities and to oversee the delivery of the work to bring value for money for Canada.","robots":{"index":"index","follow":"follow","max-snippet":"max-snippet:-1","max-image-preview":"max-image-preview:large","max-video-preview":"max-video-preview:-1"},"canonical":"https:\/\/www.aecl.ca\/fr\/recherche\/applications-en-sante-et-biologie\/videos\/","og_locale":"fr_FR","og_type":"article","og_title":"Videos","og_description":"Atomic Energy of Canada Limited is responsible for the management and oversight of the Federal Nuclear Science and Technology Work Plan and engages with the various federal departments and agencies to develop a program of work that meets their needs and priorities and to oversee the delivery of the work to bring value for money for Canada.","og_url":"https:\/\/www.aecl.ca\/fr\/recherche\/applications-en-sante-et-biologie\/videos\/","og_site_name":"EACL","article_modified_time":"2025-04-01T15:49:35+00:00","og_image":[{"width":1600,"height":560,"url":"https:\/\/www.aecl.ca\/wp-content\/uploads\/2019\/01\/AECL-Stacked-Blue.png","type":"image\/png"}],"twitter_card":"summary_large_image","twitter_site":"@AECL_EACL","twitter_misc":{"Dur\u00e9e de lecture estim\u00e9e":"1 minute"},"schema":{"@context":"https:\/\/schema.org","@graph":[{"@type":"WebPage","@id":"https:\/\/www.aecl.ca\/fr\/recherche\/applications-en-sante-et-biologie\/videos\/","url":"https:\/\/www.aecl.ca\/fr\/recherche\/applications-en-sante-et-biologie\/videos\/","name":"Videos - EACL","isPartOf":{"@id":"https:\/\/www.aecl.ca\/fr\/#website"},"datePublished":"2020-12-17T19:58:46+00:00","dateModified":"2025-04-01T15:49:35+00:00","description":"Atomic Energy of Canada Limited is responsible for the management and oversight of the Federal Nuclear Science and Technology Work Plan and engages with the various federal departments and agencies to develop a program of work that meets their needs and priorities and to oversee the delivery of the work to bring value for money for Canada.","breadcrumb":{"@id":"https:\/\/www.aecl.ca\/fr\/recherche\/applications-en-sante-et-biologie\/videos\/#breadcrumb"},"inLanguage":"fr-FR","potentialAction":[{"@type":"ReadAction","target":["https:\/\/www.aecl.ca\/fr\/recherche\/applications-en-sante-et-biologie\/videos\/"]}]},{"@type":"BreadcrumbList","@id":"https:\/\/www.aecl.ca\/fr\/recherche\/applications-en-sante-et-biologie\/videos\/#breadcrumb","itemListElement":[{"@type":"ListItem","position":1,"name":"Home","item":"https:\/\/www.aecl.ca\/fr\/"},{"@type":"ListItem","position":2,"name":"Recherche","item":"https:\/\/www.aecl.ca\/fr\/recherche\/"},{"@type":"ListItem","position":3,"name":"Applications en sant\u00e9 et biologie","item":"https:\/\/www.aecl.ca\/fr\/recherche\/applications-en-sante-et-biologie\/"},{"@type":"ListItem","position":4,"name":"Videos"}]},{"@type":"WebSite","@id":"https:\/\/www.aecl.ca\/fr\/#website","url":"https:\/\/www.aecl.ca\/fr\/","name":"EACL","description":"\u00c9nergie atomique du Canada limit\u00e9e","publisher":{"@id":"https:\/\/www.aecl.ca\/fr\/#organization"},"potentialAction":[{"@type":"SearchAction","target":{"@type":"EntryPoint","urlTemplate":"https:\/\/www.aecl.ca\/fr\/?s={search_term_string}"},"query-input":{"@type":"PropertyValueSpecification","valueRequired":true,"valueName":"search_term_string"}}],"inLanguage":"fr-FR"},{"@type":"Organization","@id":"https:\/\/www.aecl.ca\/fr\/#organization","name":"Atomic Energy Canada Limited AECL","url":"https:\/\/www.aecl.ca\/fr\/","logo":{"@type":"ImageObject","inLanguage":"fr-FR","@id":"https:\/\/www.aecl.ca\/fr\/#\/schema\/logo\/image\/","url":"https:\/\/www.aecl.ca\/wp-content\/uploads\/2019\/01\/AECL-Stacked-Blue.png","contentUrl":"https:\/\/www.aecl.ca\/wp-content\/uploads\/2019\/01\/AECL-Stacked-Blue.png","width":1600,"height":560,"caption":"Atomic Energy Canada Limited AECL"},"image":{"@id":"https:\/\/www.aecl.ca\/fr\/#\/schema\/logo\/image\/"},"sameAs":["https:\/\/x.com\/AECL_EACL","https:\/\/www.linkedin.com\/company\/aecl"]}]}},"_links":{"self":[{"href":"https:\/\/www.aecl.ca\/fr\/wp-json\/wp\/v2\/pages\/121279","targetHints":{"allow":["GET"]}}],"collection":[{"href":"https:\/\/www.aecl.ca\/fr\/wp-json\/wp\/v2\/pages"}],"about":[{"href":"https:\/\/www.aecl.ca\/fr\/wp-json\/wp\/v2\/types\/page"}],"author":[{"embeddable":true,"href":"https:\/\/www.aecl.ca\/fr\/wp-json\/wp\/v2\/users\/8"}],"replies":[{"embeddable":true,"href":"https:\/\/www.aecl.ca\/fr\/wp-json\/wp\/v2\/comments?post=121279"}],"version-history":[{"count":0,"href":"https:\/\/www.aecl.ca\/fr\/wp-json\/wp\/v2\/pages\/121279\/revisions"}],"up":[{"embeddable":true,"href":"https:\/\/www.aecl.ca\/fr\/wp-json\/wp\/v2\/pages\/121270"}],"wp:attachment":[{"href":"https:\/\/www.aecl.ca\/fr\/wp-json\/wp\/v2\/media?parent=121279"}],"curies":[{"name":"wp","href":"https:\/\/api.w.org\/{rel}","templated":true}]}}