{"id":123348,"date":"2023-03-14T14:13:59","date_gmt":"2023-03-14T18:13:59","guid":{"rendered":"https:\/\/www.aecl.ca\/?page_id=123348"},"modified":"2025-04-01T14:04:57","modified_gmt":"2025-04-01T18:04:57","slug":"le-centre-national-dinnovation-pour-la-cybersecurite-du-canada","status":"publish","type":"page","link":"https:\/\/www.aecl.ca\/fr\/science-et-technologie\/le-centre-national-dinnovation-pour-la-cybersecurite-du-canada\/","title":{"rendered":"Le Centre national d&rsquo;innovation pour la cybers\u00e9curit\u00e9 du Canada"},"content":{"rendered":"<p>[et_pb_section fb_built=\u00a0\u00bb1&Prime; fullwidth=\u00a0\u00bbon\u00a0\u00bb _builder_version=\u00a0\u00bb4.16&Prime; global_colors_info=\u00a0\u00bb{}\u00a0\u00bb][et_pb_fullwidth_slider show_arrows=\u00a0\u00bboff\u00a0\u00bb show_pagination=\u00a0\u00bboff\u00a0\u00bb admin_label=\u00a0\u00bbPage Banner\u00a0\u00bb module_class=\u00a0\u00bbwith-blue-bar\u00a0\u00bb _builder_version=\u00a0\u00bb4.27.4&Prime; background_enable_image=\u00a0\u00bboff\u00a0\u00bb hover_enabled=\u00a0\u00bb0&Prime; global_colors_info=\u00a0\u00bb{}\u00a0\u00bb sticky_enabled=\u00a0\u00bb0&Prime;][et_pb_slide use_bg_overlay=\u00a0\u00bboff\u00a0\u00bb use_text_overlay=\u00a0\u00bboff\u00a0\u00bb _builder_version=\u00a0\u00bb4.27.4&Prime; header_level=\u00a0\u00bbh1&Prime; header_font_size=\u00a0\u00bb48&Prime; body_font_size=\u00a0\u00bb35&Prime; body_line_height=\u00a0\u00bb1.2em\u00a0\u00bb background_color=\u00a0\u00bb#ffffff\u00a0\u00bb background_image=\u00a0\u00bbhttps:\/\/www.aecl.ca\/wp-content\/uploads\/2023\/03\/cyber-security-bg.jpg\u00a0\u00bb background_enable_image=\u00a0\u00bbon\u00a0\u00bb button_on_hover=\u00a0\u00bbon\u00a0\u00bb text_orientation=\u00a0\u00bbleft\u00a0\u00bb background_layout=\u00a0\u00bblight\u00a0\u00bb hover_enabled=\u00a0\u00bb0&Prime; header_font_size_tablet=\u00a0\u00bb48&Prime; header_font_size_phone=\u00a0\u00bb33&Prime; header_font_size_last_edited=\u00a0\u00bbon|phone\u00a0\u00bb body_font_size_tablet=\u00a0\u00bb35&Prime; body_font_size_phone=\u00a0\u00bb20&Prime; body_font_size_last_edited=\u00a0\u00bbon|phone\u00a0\u00bb body_line_height_tablet=\u00a0\u00bb1.2em\u00a0\u00bb body_line_height_phone=\u00a0\u00bb1.2em\u00a0\u00bb global_colors_info=\u00a0\u00bb{}\u00a0\u00bb sticky_transition=\u00a0\u00bbon\u00a0\u00bb sticky_enabled=\u00a0\u00bb0&Prime;][\/et_pb_slide][\/et_pb_fullwidth_slider][\/et_pb_section][et_pb_section fb_built=\u00a0\u00bb1&Prime; admin_label=\u00a0\u00bbHeader Section\u00a0\u00bb _builder_version=\u00a0\u00bb4.27.4&Prime; custom_padding=\u00a0\u00bb0px||0px||false|false\u00a0\u00bb locked=\u00a0\u00bboff\u00a0\u00bb global_colors_info=\u00a0\u00bb{}\u00a0\u00bb][et_pb_row module_class=\u00a0\u00bbet_items_align_middle\u00a0\u00bb _builder_version=\u00a0\u00bb4.27.4&Prime; custom_padding=\u00a0\u00bb30px||20px||false|false\u00a0\u00bb global_colors_info=\u00a0\u00bb{}\u00a0\u00bb][et_pb_column type=\u00a0\u00bb4_4&Prime; _builder_version=\u00a0\u00bb4.27.4&Prime; custom_padding=\u00a0\u00bb|||\u00a0\u00bb global_colors_info=\u00a0\u00bb{}\u00a0\u00bb custom_padding__hover=\u00a0\u00bb|||\u00a0\u00bb][et_pb_text admin_label=\u00a0\u00bbHeader Text\u00a0\u00bb _builder_version=\u00a0\u00bb4.27.4&Prime; text_font=\u00a0\u00bbRoboto|900|||||||\u00a0\u00bb text_text_color=\u00a0\u00bb#0078d4&Prime; text_font_size=\u00a0\u00bb20px\u00a0\u00bb text_line_height=\u00a0\u00bb2em\u00a0\u00bb header_font=\u00a0\u00bbDomine||||||||\u00a0\u00bb header_2_font=\u00a0\u00bbDomine||||||||\u00a0\u00bb header_2_text_align=\u00a0\u00bbleft\u00a0\u00bb header_2_text_color=\u00a0\u00bb#0078d5&Prime; header_2_font_size=\u00a0\u00bb24px\u00a0\u00bb header_2_line_height=\u00a0\u00bb1.5em\u00a0\u00bb hover_enabled=\u00a0\u00bb0&Prime; header_font_size_tablet=\u00a0\u00bb36px\u00a0\u00bb header_font_size_phone=\u00a0\u00bb36px\u00a0\u00bb header_font_size_last_edited=\u00a0\u00bbon|tablet\u00a0\u00bb global_colors_info=\u00a0\u00bb{}\u00a0\u00bb sticky_enabled=\u00a0\u00bb0&Prime;]Science et technologie <\/p>\n<h1>Le Centre national d&rsquo;innovation<br \/>pour la cybers\u00e9curit\u00e9 du Canada<\/h1>\n<p>[\/et_pb_text][\/et_pb_column][\/et_pb_row][\/et_pb_section][et_pb_section fb_built=\u00a0\u00bb1&Prime; module_class=\u00a0\u00bbblue-section\u00a0\u00bb _builder_version=\u00a0\u00bb4.16&Prime; background_color=\u00a0\u00bb#012d73&Prime; custom_padding=\u00a0\u00bb30px||30px||false|false\u00a0\u00bb global_colors_info=\u00a0\u00bb{}\u00a0\u00bb locked=\u00a0\u00bboff\u00a0\u00bb][et_pb_row module_class=\u00a0\u00bbet_items_align_middle\u00a0\u00bb _builder_version=\u00a0\u00bb4.27.4&Prime; custom_padding=\u00a0\u00bb30px||30px||false|false\u00a0\u00bb global_colors_info=\u00a0\u00bb{}\u00a0\u00bb][et_pb_column type=\u00a0\u00bb4_4&Prime; _builder_version=\u00a0\u00bb4.16&Prime; custom_padding=\u00a0\u00bb|||\u00a0\u00bb global_colors_info=\u00a0\u00bb{}\u00a0\u00bb custom_padding__hover=\u00a0\u00bb|||\u00a0\u00bb][et_pb_text _builder_version=\u00a0\u00bb4.27.4&Prime; text_font=\u00a0\u00bbDomine||||||||\u00a0\u00bb text_text_color=\u00a0\u00bb#ffffff\u00a0\u00bb text_font_size=\u00a0\u00bb22px\u00a0\u00bb text_line_height=\u00a0\u00bb1.5em\u00a0\u00bb header_font=\u00a0\u00bbDomine||||||||\u00a0\u00bb header_2_font=\u00a0\u00bbDomine||||||||\u00a0\u00bb header_2_text_align=\u00a0\u00bbleft\u00a0\u00bb header_2_text_color=\u00a0\u00bb#0078d5&Prime; header_2_font_size=\u00a0\u00bb24px\u00a0\u00bb header_2_line_height=\u00a0\u00bb1.5em\u00a0\u00bb hover_enabled=\u00a0\u00bb0&Prime; global_colors_info=\u00a0\u00bb{}\u00a0\u00bb sticky_enabled=\u00a0\u00bb0&Prime;]<\/p>\n<p>Situ\u00e9 dans le Centre cyber de Fr\u00e9d\u00e9ricton, l\u2019\u00e9quipe de cybers\u00e9curit\u00e9 des LNC fait avancer la recherche pour des solutions de protection des centrales nucl\u00e9aires et d&rsquo;autres infrastructures essentielles, pour le b\u00e9n\u00e9fice du Canada.<\/p>\n<p>[\/et_pb_text][\/et_pb_column][\/et_pb_row][\/et_pb_section][et_pb_section fb_built=\u00a0\u00bb1&Prime; _builder_version=\u00a0\u00bb4.16&Prime; custom_margin=\u00a0\u00bb|||\u00a0\u00bb custom_padding=\u00a0\u00bb||||false|false\u00a0\u00bb global_colors_info=\u00a0\u00bb{}\u00a0\u00bb][et_pb_row _builder_version=\u00a0\u00bb4.16&Prime; custom_margin=\u00a0\u00bb|||\u00a0\u00bb custom_padding=\u00a0\u00bb||||false|false\u00a0\u00bb global_colors_info=\u00a0\u00bb{}\u00a0\u00bb][et_pb_column type=\u00a0\u00bb4_4&Prime; _builder_version=\u00a0\u00bb4.16&Prime; custom_padding=\u00a0\u00bb|||\u00a0\u00bb global_colors_info=\u00a0\u00bb{}\u00a0\u00bb custom_padding__hover=\u00a0\u00bb|||\u00a0\u00bb][et_pb_text _builder_version=\u00a0\u00bb4.19.2&Prime; text_line_height=\u00a0\u00bb1.8em\u00a0\u00bb header_2_font=\u00a0\u00bbDomine||||||||\u00a0\u00bb header_2_text_align=\u00a0\u00bbcenter\u00a0\u00bb header_2_text_color=\u00a0\u00bb#ffffff\u00a0\u00bb header_2_font_size=\u00a0\u00bb24px\u00a0\u00bb header_2_line_height=\u00a0\u00bb1.5em\u00a0\u00bb global_colors_info=\u00a0\u00bb{}\u00a0\u00bb]<\/p>\n<p>La protection des centrales nucl\u00e9aires et des autres infrastructures \u00e9nerg\u00e9tiques essentielles contre les cybermenaces est un d\u00e9fi constant qui exige des solutions innovantes. Bien que des protections soient en place pour les syst\u00e8mes de technologie de l&rsquo;information conventionnels afin de pr\u00e9venir le piratage et le vol de donn\u00e9es, la cybers\u00e9curit\u00e9 des syst\u00e8mes de contr\u00f4le industriels pr\u00e9sente des d\u00e9fis suppl\u00e9mentaires, puisque ces syst\u00e8mes fonctionnent en tout temps, ils sont soumis \u00e0 des contr\u00f4les r\u00e9glementaires rigoureux et peuvent avoir des r\u00e9percussions sur les op\u00e9rations et la s\u00e9curit\u00e9. M\u00eame des mesures de protection de la cybers\u00e9curit\u00e9 bien intentionn\u00e9es pourraient nuire \u00e0 leur fonctionnement.<\/p>\n<p>Avec le soutien du <a href=\"https:\/\/www.aecl.ca\/fr\/science-et-technologie\/plan-de-travail-federal-sur-les-activites-de-science-et-technologie-nucleaires\/\">plan de travail f\u00e9d\u00e9ral sur les activit\u00e9s de science et technologie nucl\u00e9aires d&rsquo;EACL<\/a>, l&rsquo;\u00e9quipe de cybers\u00e9curit\u00e9 des LNC am\u00e9liore la posture de cybers\u00e9curit\u00e9 et augmente la r\u00e9silience des environnements technologiques op\u00e9rationnels utilis\u00e9s principalement dans le nucl\u00e9aire, ainsi que d&rsquo;autres infrastructures essentielles.<\/p>\n<p>Le Centre National d&rsquo;Innovation pour la Cybers\u00e9curit\u00e9 \u00e0 Fr\u00e9d\u00e9ricton comprend un univers de simulation cybern\u00e9tique qui imite les r\u00e9seaux informatiques que l&rsquo;on trouve habituellement dans une centrale nucl\u00e9aire. Cet environnement simul\u00e9 fournit une plateforme unique pour des exercices et des ateliers de formation pratique et offre les conditions n\u00e9cessaires \u00e0 la recherche de solutions de cybers\u00e9curit\u00e9 pertinentes pour les environnements technologiques op\u00e9rationnels essentiels \u00e0 la mission.<\/p>\n<p>Cela permet de travailler sur des m\u00e9thodologies et des technologies pour la formation, la surveillance, la d\u00e9tection et l&rsquo;att\u00e9nuation des \u00e9v\u00e9nements de cyber-intrusion et de s\u00e9curit\u00e9 cyber-physique dans les syst\u00e8mes complexes en temps r\u00e9el et les r\u00e9seaux de communication associ\u00e9s.<\/p>\n<p>Les activit\u00e9s du centre pour la cybers\u00e9curit\u00e9 soutiennent \u00e9galement la mise en \u0153uvre et l&rsquo;application de la norme CSA N290.7 sur la cybers\u00e9curit\u00e9 des centrales nucl\u00e9aires, ainsi que des petits r\u00e9acteurs nucl\u00e9aires et des installations nucl\u00e9aires sans r\u00e9acteur.<\/p>\n<p>[\/et_pb_text][\/et_pb_column][\/et_pb_row][\/et_pb_section]<\/p>\n","protected":false},"excerpt":{"rendered":"<p>Science et technologie Le Centre national d&rsquo;innovationpour la cybers\u00e9curit\u00e9 du CanadaSitu\u00e9 dans le Centre cyber de Fr\u00e9d\u00e9ricton, l\u2019\u00e9quipe de cybers\u00e9curit\u00e9 des LNC fait avancer la recherche pour des solutions de protection des centrales nucl\u00e9aires et d&rsquo;autres infrastructures essentielles, pour le b\u00e9n\u00e9fice du Canada. La protection des centrales nucl\u00e9aires et des autres infrastructures \u00e9nerg\u00e9tiques essentielles contre [&hellip;]<\/p>\n","protected":false},"author":13,"featured_media":0,"parent":119060,"menu_order":0,"comment_status":"closed","ping_status":"closed","template":"","meta":{"_acf_changed":false,"_et_pb_use_builder":"on","_et_pb_old_content":"","_et_gb_content_width":"","footnotes":""},"class_list":["post-123348","page","type-page","status-publish","hentry"],"acf":[],"yoast_head":"<!-- This site is optimized with the Yoast SEO Premium plugin v27.1 (Yoast SEO v27.1.1) - https:\/\/yoast.com\/product\/yoast-seo-premium-wordpress\/ -->\n<title>Le Centre national d&#039;innovation pour la cybers\u00e9curit\u00e9 du Canada - EACL<\/title>\n<meta name=\"robots\" content=\"index, follow, max-snippet:-1, max-image-preview:large, max-video-preview:-1\" \/>\n<link rel=\"canonical\" href=\"https:\/\/www.aecl.ca\/fr\/science-et-technologie\/le-centre-national-dinnovation-pour-la-cybersecurite-du-canada\/\" \/>\n<meta property=\"og:locale\" content=\"fr_FR\" \/>\n<meta property=\"og:type\" content=\"article\" \/>\n<meta property=\"og:title\" content=\"Le Centre national d&#039;innovation pour la cybers\u00e9curit\u00e9 du Canada\" \/>\n<meta property=\"og:url\" content=\"https:\/\/www.aecl.ca\/fr\/science-et-technologie\/le-centre-national-dinnovation-pour-la-cybersecurite-du-canada\/\" \/>\n<meta property=\"og:site_name\" content=\"EACL\" \/>\n<meta property=\"article:modified_time\" content=\"2025-04-01T18:04:57+00:00\" \/>\n<meta property=\"og:image\" content=\"https:\/\/www.aecl.ca\/wp-content\/uploads\/2019\/01\/AECL-Stacked-Blue.png\" \/>\n\t<meta property=\"og:image:width\" content=\"1600\" \/>\n\t<meta property=\"og:image:height\" content=\"560\" \/>\n\t<meta property=\"og:image:type\" content=\"image\/png\" \/>\n<meta name=\"twitter:card\" content=\"summary_large_image\" \/>\n<meta name=\"twitter:site\" content=\"@AECL_EACL\" \/>\n<meta name=\"twitter:label1\" content=\"Dur\u00e9e de lecture estim\u00e9e\" \/>\n\t<meta name=\"twitter:data1\" content=\"2 minutes\" \/>\n<script type=\"application\/ld+json\" class=\"yoast-schema-graph\">{\"@context\":\"https:\/\/schema.org\",\"@graph\":[{\"@type\":\"WebPage\",\"@id\":\"https:\/\/www.aecl.ca\/fr\/science-et-technologie\/le-centre-national-dinnovation-pour-la-cybersecurite-du-canada\/\",\"url\":\"https:\/\/www.aecl.ca\/fr\/science-et-technologie\/le-centre-national-dinnovation-pour-la-cybersecurite-du-canada\/\",\"name\":\"Le Centre national d'innovation pour la cybers\u00e9curit\u00e9 du Canada - EACL\",\"isPartOf\":{\"@id\":\"https:\/\/www.aecl.ca\/fr\/#website\"},\"datePublished\":\"2023-03-14T18:13:59+00:00\",\"dateModified\":\"2025-04-01T18:04:57+00:00\",\"breadcrumb\":{\"@id\":\"https:\/\/www.aecl.ca\/fr\/science-et-technologie\/le-centre-national-dinnovation-pour-la-cybersecurite-du-canada\/#breadcrumb\"},\"inLanguage\":\"fr-FR\",\"potentialAction\":[{\"@type\":\"ReadAction\",\"target\":[\"https:\/\/www.aecl.ca\/fr\/science-et-technologie\/le-centre-national-dinnovation-pour-la-cybersecurite-du-canada\/\"]}]},{\"@type\":\"BreadcrumbList\",\"@id\":\"https:\/\/www.aecl.ca\/fr\/science-et-technologie\/le-centre-national-dinnovation-pour-la-cybersecurite-du-canada\/#breadcrumb\",\"itemListElement\":[{\"@type\":\"ListItem\",\"position\":1,\"name\":\"Home\",\"item\":\"https:\/\/www.aecl.ca\/fr\/\"},{\"@type\":\"ListItem\",\"position\":2,\"name\":\"Science et technologie\",\"item\":\"https:\/\/www.aecl.ca\/fr\/science-et-technologie\/\"},{\"@type\":\"ListItem\",\"position\":3,\"name\":\"Le Centre national d&#8217;innovation pour la cybers\u00e9curit\u00e9 du Canada\"}]},{\"@type\":\"WebSite\",\"@id\":\"https:\/\/www.aecl.ca\/fr\/#website\",\"url\":\"https:\/\/www.aecl.ca\/fr\/\",\"name\":\"EACL\",\"description\":\"\u00c9nergie atomique du Canada limit\u00e9e\",\"publisher\":{\"@id\":\"https:\/\/www.aecl.ca\/fr\/#organization\"},\"potentialAction\":[{\"@type\":\"SearchAction\",\"target\":{\"@type\":\"EntryPoint\",\"urlTemplate\":\"https:\/\/www.aecl.ca\/fr\/?s={search_term_string}\"},\"query-input\":{\"@type\":\"PropertyValueSpecification\",\"valueRequired\":true,\"valueName\":\"search_term_string\"}}],\"inLanguage\":\"fr-FR\"},{\"@type\":\"Organization\",\"@id\":\"https:\/\/www.aecl.ca\/fr\/#organization\",\"name\":\"Atomic Energy Canada Limited AECL\",\"url\":\"https:\/\/www.aecl.ca\/fr\/\",\"logo\":{\"@type\":\"ImageObject\",\"inLanguage\":\"fr-FR\",\"@id\":\"https:\/\/www.aecl.ca\/fr\/#\/schema\/logo\/image\/\",\"url\":\"https:\/\/www.aecl.ca\/wp-content\/uploads\/2019\/01\/AECL-Stacked-Blue.png\",\"contentUrl\":\"https:\/\/www.aecl.ca\/wp-content\/uploads\/2019\/01\/AECL-Stacked-Blue.png\",\"width\":1600,\"height\":560,\"caption\":\"Atomic Energy Canada Limited AECL\"},\"image\":{\"@id\":\"https:\/\/www.aecl.ca\/fr\/#\/schema\/logo\/image\/\"},\"sameAs\":[\"https:\/\/x.com\/AECL_EACL\",\"https:\/\/www.linkedin.com\/company\/aecl\"]}]}<\/script>\n<!-- \/ Yoast SEO Premium plugin. -->","yoast_head_json":{"title":"Le Centre national d'innovation pour la cybers\u00e9curit\u00e9 du Canada - EACL","robots":{"index":"index","follow":"follow","max-snippet":"max-snippet:-1","max-image-preview":"max-image-preview:large","max-video-preview":"max-video-preview:-1"},"canonical":"https:\/\/www.aecl.ca\/fr\/science-et-technologie\/le-centre-national-dinnovation-pour-la-cybersecurite-du-canada\/","og_locale":"fr_FR","og_type":"article","og_title":"Le Centre national d'innovation pour la cybers\u00e9curit\u00e9 du Canada","og_url":"https:\/\/www.aecl.ca\/fr\/science-et-technologie\/le-centre-national-dinnovation-pour-la-cybersecurite-du-canada\/","og_site_name":"EACL","article_modified_time":"2025-04-01T18:04:57+00:00","og_image":[{"width":1600,"height":560,"url":"https:\/\/www.aecl.ca\/wp-content\/uploads\/2019\/01\/AECL-Stacked-Blue.png","type":"image\/png"}],"twitter_card":"summary_large_image","twitter_site":"@AECL_EACL","twitter_misc":{"Dur\u00e9e de lecture estim\u00e9e":"2 minutes"},"schema":{"@context":"https:\/\/schema.org","@graph":[{"@type":"WebPage","@id":"https:\/\/www.aecl.ca\/fr\/science-et-technologie\/le-centre-national-dinnovation-pour-la-cybersecurite-du-canada\/","url":"https:\/\/www.aecl.ca\/fr\/science-et-technologie\/le-centre-national-dinnovation-pour-la-cybersecurite-du-canada\/","name":"Le Centre national d'innovation pour la cybers\u00e9curit\u00e9 du Canada - EACL","isPartOf":{"@id":"https:\/\/www.aecl.ca\/fr\/#website"},"datePublished":"2023-03-14T18:13:59+00:00","dateModified":"2025-04-01T18:04:57+00:00","breadcrumb":{"@id":"https:\/\/www.aecl.ca\/fr\/science-et-technologie\/le-centre-national-dinnovation-pour-la-cybersecurite-du-canada\/#breadcrumb"},"inLanguage":"fr-FR","potentialAction":[{"@type":"ReadAction","target":["https:\/\/www.aecl.ca\/fr\/science-et-technologie\/le-centre-national-dinnovation-pour-la-cybersecurite-du-canada\/"]}]},{"@type":"BreadcrumbList","@id":"https:\/\/www.aecl.ca\/fr\/science-et-technologie\/le-centre-national-dinnovation-pour-la-cybersecurite-du-canada\/#breadcrumb","itemListElement":[{"@type":"ListItem","position":1,"name":"Home","item":"https:\/\/www.aecl.ca\/fr\/"},{"@type":"ListItem","position":2,"name":"Science et technologie","item":"https:\/\/www.aecl.ca\/fr\/science-et-technologie\/"},{"@type":"ListItem","position":3,"name":"Le Centre national d&#8217;innovation pour la cybers\u00e9curit\u00e9 du Canada"}]},{"@type":"WebSite","@id":"https:\/\/www.aecl.ca\/fr\/#website","url":"https:\/\/www.aecl.ca\/fr\/","name":"EACL","description":"\u00c9nergie atomique du Canada limit\u00e9e","publisher":{"@id":"https:\/\/www.aecl.ca\/fr\/#organization"},"potentialAction":[{"@type":"SearchAction","target":{"@type":"EntryPoint","urlTemplate":"https:\/\/www.aecl.ca\/fr\/?s={search_term_string}"},"query-input":{"@type":"PropertyValueSpecification","valueRequired":true,"valueName":"search_term_string"}}],"inLanguage":"fr-FR"},{"@type":"Organization","@id":"https:\/\/www.aecl.ca\/fr\/#organization","name":"Atomic Energy Canada Limited AECL","url":"https:\/\/www.aecl.ca\/fr\/","logo":{"@type":"ImageObject","inLanguage":"fr-FR","@id":"https:\/\/www.aecl.ca\/fr\/#\/schema\/logo\/image\/","url":"https:\/\/www.aecl.ca\/wp-content\/uploads\/2019\/01\/AECL-Stacked-Blue.png","contentUrl":"https:\/\/www.aecl.ca\/wp-content\/uploads\/2019\/01\/AECL-Stacked-Blue.png","width":1600,"height":560,"caption":"Atomic Energy Canada Limited AECL"},"image":{"@id":"https:\/\/www.aecl.ca\/fr\/#\/schema\/logo\/image\/"},"sameAs":["https:\/\/x.com\/AECL_EACL","https:\/\/www.linkedin.com\/company\/aecl"]}]}},"_links":{"self":[{"href":"https:\/\/www.aecl.ca\/fr\/wp-json\/wp\/v2\/pages\/123348","targetHints":{"allow":["GET"]}}],"collection":[{"href":"https:\/\/www.aecl.ca\/fr\/wp-json\/wp\/v2\/pages"}],"about":[{"href":"https:\/\/www.aecl.ca\/fr\/wp-json\/wp\/v2\/types\/page"}],"author":[{"embeddable":true,"href":"https:\/\/www.aecl.ca\/fr\/wp-json\/wp\/v2\/users\/13"}],"replies":[{"embeddable":true,"href":"https:\/\/www.aecl.ca\/fr\/wp-json\/wp\/v2\/comments?post=123348"}],"version-history":[{"count":0,"href":"https:\/\/www.aecl.ca\/fr\/wp-json\/wp\/v2\/pages\/123348\/revisions"}],"up":[{"embeddable":true,"href":"https:\/\/www.aecl.ca\/fr\/wp-json\/wp\/v2\/pages\/119060"}],"wp:attachment":[{"href":"https:\/\/www.aecl.ca\/fr\/wp-json\/wp\/v2\/media?parent=123348"}],"curies":[{"name":"wp","href":"https:\/\/api.w.org\/{rel}","templated":true}]}}